{"id":5794,"date":"2025-08-21T18:33:41","date_gmt":"2025-08-21T16:33:41","guid":{"rendered":"https:\/\/juergenputz.com\/?page_id=5794"},"modified":"2025-08-24T20:54:47","modified_gmt":"2025-08-24T18:54:47","slug":"portefeuille-botswana","status":"publish","type":"page","link":"https:\/\/juergenputz.com\/fr\/elements-du-portefeuille\/portefeuille-botswana\/","title":{"rendered":"Portefeuille Botswana"},"content":{"rendered":"<div data-elementor-type=\"wp-post\" data-elementor-id=\"5794\" class=\"elementor elementor-5794\">\n\t\t\t\t\t\t<section class=\"elementor-section elementor-top-section elementor-element elementor-element-7f87d1a elementor-section-height-min-height elementor-section-boxed elementor-section-height-default elementor-section-items-middle\" data-id=\"7f87d1a\" data-element_type=\"section\" data-e-type=\"section\" data-settings=\"{&quot;background_background&quot;:&quot;classic&quot;}\">\n\t\t\t\t\t\t\t<div class=\"elementor-background-overlay\"><\/div>\n\t\t\t\t\t\t\t<div class=\"elementor-container elementor-column-gap-default\">\n\t\t\t\t\t<div class=\"elementor-column elementor-col-100 elementor-top-column elementor-element elementor-element-70b514b\" data-id=\"70b514b\" data-element_type=\"column\" data-e-type=\"column\" data-settings=\"{&quot;background_background&quot;:&quot;gradient&quot;}\">\n\t\t\t<div class=\"elementor-widget-wrap elementor-element-populated\">\n\t\t\t\t\t\t<div class=\"elementor-element elementor-element-bffbc77 section-align-center section-size-large elementor-widget__width-initial subtitle-style-default elementor-widget elementor-widget-section-heading\" data-id=\"bffbc77\" data-element_type=\"widget\" data-e-type=\"widget\" data-widget_type=\"section-heading.default\">\n\t\t\t\t<div class=\"elementor-widget-container\">\n\t\t\t\t\t<div class=\"section-heading headingstyle-subtitle\"><h5 class=\"entry-sub-title section-sub-title\">Portefeuille<\/h5><div class=\"section-title-wrapper\"><h2 class=\"entry-title section-title\">Botswana<\/h2><\/div><div class=\"section-description clearfix\"><div class=\"section-description-inner\"><p>Le Botswana abrite des paysages \u00e0 couper le souffle, notamment le delta de l'Okavango, les paysages fluviaux du Chobe et le fascinant d\u00e9sert du Kalahari.<\/p>\n<\/div><\/div><\/div>\t\t\t\t<\/div>\n\t\t\t\t<\/div>\n\t\t\t\t\t<\/div>\n\t\t<\/div>\n\t\t\t\t\t<\/div>\n\t\t<\/section>\n\t\t\t\t<section class=\"elementor-section elementor-top-section elementor-element elementor-element-6d129f1 elementor-section-boxed elementor-section-height-default elementor-section-height-default\" data-id=\"6d129f1\" data-element_type=\"section\" data-e-type=\"section\">\n\t\t\t\t\t\t<div class=\"elementor-container elementor-column-gap-default\">\n\t\t\t\t\t<div class=\"elementor-column elementor-col-100 elementor-top-column elementor-element elementor-element-b0184d4\" data-id=\"b0184d4\" data-element_type=\"column\" data-e-type=\"column\">\n\t\t\t<div class=\"elementor-widget-wrap\">\n\t\t\t\t\t\t\t<\/div>\n\t\t<\/div>\n\t\t\t\t\t<\/div>\n\t\t<\/section>\n\t\t\t\t<section class=\"elementor-section elementor-top-section elementor-element elementor-element-b73c238 elementor-section-boxed elementor-section-height-default elementor-section-height-default\" data-id=\"b73c238\" data-element_type=\"section\" data-e-type=\"section\">\n\t\t\t\t\t\t\t<div class=\"elementor-background-overlay\"><\/div>\n\t\t\t\t\t\t\t<div class=\"elementor-container elementor-column-gap-default\">\n\t\t\t\t\t<div class=\"elementor-column elementor-col-100 elementor-top-column elementor-element elementor-element-2a57591\" data-id=\"2a57591\" data-element_type=\"column\" data-e-type=\"column\">\n\t\t\t<div class=\"elementor-widget-wrap elementor-element-populated\">\n\t\t\t\t\t\t<div class=\"elementor-element elementor-element-190aa70 elementor-widget elementor-widget-portfolio-grid\" data-id=\"190aa70\" data-element_type=\"widget\" data-e-type=\"widget\" data-widget_type=\"portfolio-grid.default\">\n\t\t\t\t<div class=\"elementor-widget-container\">\n\t\t\t\t\t<div class=\"portfolio-grid-container lightgallery-container portfolio-gridblock-columns-wrap\"><div id=\"gridblock-container\" class=\"portfolio-gutter-spaced    has-effect-zoom grid-style-classic gridblock-four clearfix\" data-columns=\"4\"><div class=\"gridblock-element grid-animate-display-all isotope-displayed gridblock-element-id-5808 gridblock-element-order-1  gridblock-filterable filter-82\" data-portfolio=\"portfolio-5808\" data-id=\"id-2\"><div class=\"gridblock-grid-element gridblock-element-inner\" data-portfolioid=\"5808\"><div class=\"gridblock-background-hover\"><a  class=\"gridblock-sole-link\" href=\"https:\/\/juergenputz.com\/fr\/portefeuilles\/delta-de-lokavango-little-kwara\/\"><div class=\"gridblock-links-wrap box-title-\"><span class=\"column-gridblock-icon\"><span class=\"hover-icon-effect\"><i class=\"ion-ios-plus-empty\"><\/i><\/span><\/span><\/div><\/a><\/div><img decoding=\"async\" src=\"https:\/\/juergenputz.com\/wp-content\/themes\/blacksilver\/images\/placeholders\/placeholder-770x550.gif\" data-src=\"https:\/\/juergenputz.com\/wp-content\/uploads\/2025\/08\/Little-Kwara_Portalfoto-770x550.jpg\" alt=\"\" class=\"displayed-image lazyload\"\/><\/div><div class=\"work-details\"><h4><a  href=\"https:\/\/juergenputz.com\/fr\/portefeuilles\/delta-de-lokavango-little-kwara\/\">Delta de l'Okavango - Little Kwara<\/a><\/h4><p class=\"entry-content work-description\">- Camp luxueux au nord de la r\u00e9serve de Moremi - <\/p><\/div><\/div><div class=\"gridblock-element grid-animate-display-all isotope-displayed gridblock-element-id-5940 gridblock-element-order-2  gridblock-filterable filter-84\" data-portfolio=\"portfolio-5940\" data-id=\"id-3\"><div class=\"gridblock-grid-element gridblock-element-inner\" data-portfolioid=\"5940\"><div class=\"gridblock-background-hover\"><a  class=\"gridblock-sole-link\" href=\"https:\/\/juergenputz.com\/fr\/portefeuilles\/delta-de-lokavango-lagon-camp\/\"><div class=\"gridblock-links-wrap box-title-\"><span class=\"column-gridblock-icon\"><span class=\"hover-icon-effect\"><i class=\"ion-ios-plus-empty\"><\/i><\/span><\/span><\/div><\/a><\/div><img decoding=\"async\" src=\"https:\/\/juergenputz.com\/wp-content\/themes\/blacksilver\/images\/placeholders\/placeholder-770x550.gif\" data-src=\"https:\/\/juergenputz.com\/wp-content\/uploads\/2025\/08\/Elefant-Eingangsportal-770x550.jpg\" alt=\"\" class=\"displayed-image lazyload\"\/><\/div><div class=\"work-details\"><h4><a  href=\"https:\/\/juergenputz.com\/fr\/portefeuilles\/delta-de-lokavango-lagon-camp\/\">Delta de l'Okavango - Lagoon Camp -<\/a><\/h4><p class=\"entry-content work-description\">- Camp de r\u00eave sur les rives du paisible fleuve Kwando -\r\n<\/p><\/div><\/div><\/div><\/div>\t\t\t\t<\/div>\n\t\t\t\t<\/div>\n\t\t\t\t\t<\/div>\n\t\t<\/div>\n\t\t\t\t\t<\/div>\n\t\t<\/section>\n\t\t\t\t<\/div>","protected":false},"excerpt":{"rendered":"<p>Portfolio Botswana Botswana ist die Heimat atemberaubender Landschaften, darunter das Okavango-Delta, die Flusslandschaften des Chobe und die faszinierende Kalahari-W\u00fcste. Delta des Okavango &#8211; Little Kwara &#8211; Luxuri\u00f6ses Camp n\u00f6rdlich des Moremi Wildreservats &#8211; Delta des Okavango &#8211; Lagoon Camp &#8211; &#8211; Traumhaftes Camp am Ufer des ruhigen Kwando-Flusses \u2013<\/p>","protected":false},"author":1,"featured_media":0,"parent":191,"menu_order":0,"comment_status":"closed","ping_status":"closed","template":"","meta":{"footnotes":""},"class_list":["post-5794","page","type-page","status-publish","hentry"],"_links":{"self":[{"href":"https:\/\/juergenputz.com\/fr\/wp-json\/wp\/v2\/pages\/5794","targetHints":{"allow":["GET"]}}],"collection":[{"href":"https:\/\/juergenputz.com\/fr\/wp-json\/wp\/v2\/pages"}],"about":[{"href":"https:\/\/juergenputz.com\/fr\/wp-json\/wp\/v2\/types\/page"}],"author":[{"embeddable":true,"href":"https:\/\/juergenputz.com\/fr\/wp-json\/wp\/v2\/users\/1"}],"replies":[{"embeddable":true,"href":"https:\/\/juergenputz.com\/fr\/wp-json\/wp\/v2\/comments?post=5794"}],"version-history":[{"count":25,"href":"https:\/\/juergenputz.com\/fr\/wp-json\/wp\/v2\/pages\/5794\/revisions"}],"predecessor-version":[{"id":6031,"href":"https:\/\/juergenputz.com\/fr\/wp-json\/wp\/v2\/pages\/5794\/revisions\/6031"}],"up":[{"embeddable":true,"href":"https:\/\/juergenputz.com\/fr\/wp-json\/wp\/v2\/pages\/191"}],"wp:attachment":[{"href":"https:\/\/juergenputz.com\/fr\/wp-json\/wp\/v2\/media?parent=5794"}],"curies":[{"name":"wp","href":"https:\/\/api.w.org\/{rel}","templated":true}]}}