{"id":53,"date":"2019-06-25T03:45:34","date_gmt":"2019-06-25T03:45:34","guid":{"rendered":"http:\/\/blacksilver-ceres.imaginem.co\/?page_id=53"},"modified":"2025-08-24T06:06:07","modified_gmt":"2025-08-24T04:06:07","slug":"a-propos-de-moi","status":"publish","type":"page","link":"https:\/\/juergenputz.com\/fr\/a-propos-de-moi\/","title":{"rendered":"\u00c0 propos de moi"},"content":{"rendered":"<div data-elementor-type=\"wp-post\" data-elementor-id=\"53\" class=\"elementor elementor-53\">\n\t\t\t\t\t\t<section class=\"elementor-section elementor-top-section elementor-element elementor-element-45d07e27 elementor-section-boxed elementor-section-height-default elementor-section-height-default\" data-id=\"45d07e27\" data-element_type=\"section\" data-e-type=\"section\" data-settings=\"{&quot;background_background&quot;:&quot;classic&quot;}\">\n\t\t\t\t\t\t\t<div class=\"elementor-background-overlay\"><\/div>\n\t\t\t\t\t\t\t<div class=\"elementor-container elementor-column-gap-default\">\n\t\t\t\t\t<div class=\"elementor-column elementor-col-100 elementor-top-column elementor-element elementor-element-6ebfc033\" data-id=\"6ebfc033\" data-element_type=\"column\" data-e-type=\"column\">\n\t\t\t<div class=\"elementor-widget-wrap elementor-element-populated\">\n\t\t\t\t\t\t<div class=\"elementor-element elementor-element-434c2203 section-align-left section-size-large subtitle-style-default elementor-widget elementor-widget-section-heading\" data-id=\"434c2203\" data-element_type=\"widget\" data-e-type=\"widget\" data-widget_type=\"section-heading.default\">\n\t\t\t\t<div class=\"elementor-widget-container\">\n\t\t\t\t\t<div class=\"section-heading headingstyle-subtitle\"><div class=\"section-title-wrapper\"><h2 class=\"entry-title section-title\"><\/h2><\/div><\/div>\t\t\t\t<\/div>\n\t\t\t\t<\/div>\n\t\t\t\t\t<\/div>\n\t\t<\/div>\n\t\t\t\t\t<\/div>\n\t\t<\/section>\n\t\t\t\t<section class=\"elementor-section elementor-top-section elementor-element elementor-element-56cfe992 elementor-section-boxed elementor-section-height-default elementor-section-height-default\" data-id=\"56cfe992\" data-element_type=\"section\" data-e-type=\"section\">\n\t\t\t\t\t\t\t<div class=\"elementor-background-overlay\"><\/div>\n\t\t\t\t\t\t\t<div class=\"elementor-container elementor-column-gap-no\">\n\t\t\t\t\t<div class=\"elementor-column elementor-col-100 elementor-top-column elementor-element elementor-element-5c25fd67\" data-id=\"5c25fd67\" data-element_type=\"column\" data-e-type=\"column\">\n\t\t\t<div class=\"elementor-widget-wrap elementor-element-populated\">\n\t\t\t\t\t\t<div class=\"elementor-element elementor-element-d0e7b8d animated-slow elementor-invisible elementor-widget elementor-widget-text-editor\" data-id=\"d0e7b8d\" data-element_type=\"widget\" data-e-type=\"widget\" data-settings=\"{&quot;_animation&quot;:&quot;fadeIn&quot;,&quot;_animation_delay&quot;:200}\" data-widget_type=\"text-editor.default\">\n\t\t\t\t<div class=\"elementor-widget-container\">\n\t\t\t\t\t\t\t\t\t<h3>C'EST MOI<\/h3>\t\t\t\t\t\t\t\t<\/div>\n\t\t\t\t<\/div>\n\t\t\t\t<div class=\"elementor-element elementor-element-f70d22b animated-slow elementor-invisible elementor-widget elementor-widget-text-editor\" data-id=\"f70d22b\" data-element_type=\"widget\" data-e-type=\"widget\" data-settings=\"{&quot;_animation&quot;:&quot;fadeIn&quot;,&quot;_animation_delay&quot;:200}\" data-widget_type=\"text-editor.default\">\n\t\t\t\t<div class=\"elementor-widget-container\">\n\t\t\t\t\t\t\t\t\t<p>Je m'appelle J\u00fcrgen, j'ai d\u00e9j\u00e0 ou seulement 63 ans, je suis un photographe enthousiaste, souvent pris d'une envie de voyager et toujours heureux d'apprendre quelque chose de nouveau lors d'un voyage. Je m'int\u00e9resse aux cultures \u00e9trang\u00e8res, \u00e0 l'histoire, je fais de temps en temps des tours en moto et j'aime beaucoup marcher, surtout sur de longues distances. Et ce que je pr\u00e9f\u00e8re, c'est m'asseoir le soir \u00e0 un boma de brousse dans le sud de l'Afrique, mais je suis aussi fascin\u00e9 par les anciennes cultures avanc\u00e9es d'Am\u00e9rique et les paysages grandioses qui y existent encore.<\/p>\t\t\t\t\t\t\t\t<\/div>\n\t\t\t\t<\/div>\n\t\t\t\t<div class=\"elementor-element elementor-element-eaef47f animated-slow elementor-invisible elementor-widget elementor-widget-text-editor\" data-id=\"eaef47f\" data-element_type=\"widget\" data-e-type=\"widget\" data-settings=\"{&quot;_animation&quot;:&quot;fadeIn&quot;,&quot;_animation_delay&quot;:200}\" data-widget_type=\"text-editor.default\">\n\t\t\t\t<div class=\"elementor-widget-container\">\n\t\t\t\t\t\t\t\t\t<p>\"Il faut se d\u00e9p\u00eacher si l'on veut voir quelque chose, tout dispara\u00eet\" Paul Cezanne<\/p>\t\t\t\t\t\t\t\t<\/div>\n\t\t\t\t<\/div>\n\t\t\t\t<div class=\"elementor-element elementor-element-0d1bf40 animated-slow elementor-invisible elementor-widget elementor-widget-text-editor\" data-id=\"0d1bf40\" data-element_type=\"widget\" data-e-type=\"widget\" data-settings=\"{&quot;_animation&quot;:&quot;fadeIn&quot;,&quot;_animation_delay&quot;:200}\" data-widget_type=\"text-editor.default\">\n\t\t\t\t<div class=\"elementor-widget-container\">\n\t\t\t\t\t\t\t\t\t<p>Sur cette page, je pr\u00e9sente une s\u00e9lection de mes photographies et je souhaite que vous puissiez vous aussi profiter de l'incroyable beaut\u00e9 de notre plan\u00e8te, qui me fascine depuis mon plus jeune \u00e2ge. Dans mon blog, je raconte des endroits particuliers et des histoires que j'ai v\u00e9cues \u00e0 maintes reprises au cours de mes voyages.<\/p><p>Je viens de commencer ce site et je vais donc commencer par vous pr\u00e9senter un pays qui m'a particuli\u00e8rement impressionn\u00e9 et dans lequel j'aime toujours voyager : Namibie. D'autres pays et r\u00e9gions suivront - n'h\u00e9sitez pas \u00e0 revenir r\u00e9guli\u00e8rement.\u00a0<\/p><p>Votre<\/p><p><img decoding=\"async\" class=\"alignnone size-full wp-image-4032\" src=\"https:\/\/juergenputz.com\/wp-content\/uploads\/2022\/08\/UNTERSCHRIFT-1-weiss-e1659554380464.png\" alt=\"\" width=\"300\" height=\"138\" \/><\/p>\t\t\t\t\t\t\t\t<\/div>\n\t\t\t\t<\/div>\n\t\t\t\t\t<\/div>\n\t\t<\/div>\n\t\t\t\t\t<\/div>\n\t\t<\/section>\n\t\t\t\t<section class=\"elementor-section elementor-top-section elementor-element elementor-element-29cffdc7 elementor-section-boxed elementor-section-height-default elementor-section-height-default elementor-invisible\" data-id=\"29cffdc7\" data-element_type=\"section\" data-e-type=\"section\" data-settings=\"{&quot;animation&quot;:&quot;fadeIn&quot;}\">\n\t\t\t\t\t\t<div class=\"elementor-container elementor-column-gap-extended\">\n\t\t\t\t\t<div class=\"elementor-column elementor-col-100 elementor-top-column elementor-element elementor-element-17c0c579\" data-id=\"17c0c579\" data-element_type=\"column\" data-e-type=\"column\">\n\t\t\t<div class=\"elementor-widget-wrap elementor-element-populated\">\n\t\t\t\t\t\t<div class=\"elementor-element elementor-element-8b6349a elementor-widget elementor-widget-text-editor\" data-id=\"8b6349a\" data-element_type=\"widget\" data-e-type=\"widget\" data-widget_type=\"text-editor.default\">\n\t\t\t\t<div class=\"elementor-widget-container\">\n\t\t\t\t\t\t\t\t\t<h3>INSPIRATIONS<\/h3>\t\t\t\t\t\t\t\t<\/div>\n\t\t\t\t<\/div>\n\t\t\t\t\t<\/div>\n\t\t<\/div>\n\t\t\t\t\t<\/div>\n\t\t<\/section>\n\t\t\t\t<section class=\"elementor-section elementor-top-section elementor-element elementor-element-7554f914 elementor-section-boxed elementor-section-height-default elementor-section-height-default\" data-id=\"7554f914\" data-element_type=\"section\" data-e-type=\"section\" data-settings=\"{&quot;background_background&quot;:&quot;classic&quot;}\">\n\t\t\t\t\t\t<div class=\"elementor-container elementor-column-gap-wider\">\n\t\t\t\t\t<div class=\"elementor-column elementor-col-25 elementor-top-column elementor-element elementor-element-3509a084\" data-id=\"3509a084\" data-element_type=\"column\" data-e-type=\"column\">\n\t\t\t<div class=\"elementor-widget-wrap elementor-element-populated\">\n\t\t\t\t\t\t<div class=\"elementor-element elementor-element-6490414a service-box-view-default elementor-widget elementor-widget-service-box\" data-id=\"6490414a\" data-element_type=\"widget\" data-e-type=\"widget\" data-settings=\"{&quot;_animation&quot;:&quot;none&quot;,&quot;_animation_delay&quot;:0}\" data-widget_type=\"service-box.default\">\n\t\t\t\t<div class=\"elementor-widget-container\">\n\t\t\t\t\t<div class=\"service-column none service-column-1 service-boxes-icon-with-title true alignicon-top alignicon-top-horizontal serviceboxes-horizontal clearfix\"> <div class=\"service-item none service-item-space\"><div class=\"service-item-inner service-icon-size-small\"><div class=\"service-icon\"><span class=\"icon-outer\"><i class=\"fontawesome in-circle  ion-ios-world\"><\/i><\/span><\/div><div class=\"service-content\"><h4><a  target=\"_blank\" href=\"http:\/\/travelemotions.es\" >Organisation de voyages individuels<\/a><\/h4><div class=\"service-details\"><p> Demandez \u00e0 notre partenaire \"Trravelemotions\" d'\u00e9laborer un voyage selon vos souhaits ! <\/p>\n<a class=\"theme-btn-link\" href=\"http:\/\/travelemotions.es\"><div class=\"theme-btn theme-btn-outline-primary theme-hover-arrow\">plus d'informations...<\/div><\/a><\/div><\/div><\/div><\/div> <\/div>\t\t\t\t<\/div>\n\t\t\t\t<\/div>\n\t\t\t\t\t<\/div>\n\t\t<\/div>\n\t\t\t\t<div class=\"elementor-column elementor-col-25 elementor-top-column elementor-element elementor-element-4d946f38\" data-id=\"4d946f38\" data-element_type=\"column\" data-e-type=\"column\">\n\t\t\t<div class=\"elementor-widget-wrap elementor-element-populated\">\n\t\t\t\t\t\t<div class=\"elementor-element elementor-element-4200dfd0 service-box-view-default elementor-widget elementor-widget-service-box\" data-id=\"4200dfd0\" data-element_type=\"widget\" data-e-type=\"widget\" data-settings=\"{&quot;_animation&quot;:&quot;none&quot;,&quot;_animation_delay&quot;:100}\" data-widget_type=\"service-box.default\">\n\t\t\t\t<div class=\"elementor-widget-container\">\n\t\t\t\t\t<div class=\"service-column none service-column-1 service-boxes-icon-with-title true alignicon-top alignicon-top-horizontal serviceboxes-horizontal clearfix\"> <div class=\"service-item none service-item-space\"><div class=\"service-item-inner service-icon-size-small\"><div class=\"service-icon\"><span class=\"icon-outer\"><i class=\"fontawesome in-circle  fa fa-camera-retro\"><\/i><\/span><\/div><div class=\"service-content\"><h4><a  href=\"https:\/\/juergenputz.com\/fr\/contact\/\" > Safaris photo et ateliers<\/a><\/h4><div class=\"service-details\"><p> Rejoignez-moi pour un farniente photo ou un atelier ! <\/p>\n<a class=\"theme-btn-link\" href=\"https:\/\/juergenputz.com\/fr\/contact\/\"><div class=\"theme-btn theme-btn-outline-primary theme-hover-arrow\">\u00c9crivez-moi...<\/div><\/a><\/div><\/div><\/div><\/div> <\/div>\t\t\t\t<\/div>\n\t\t\t\t<\/div>\n\t\t\t\t\t<\/div>\n\t\t<\/div>\n\t\t\t\t<div class=\"elementor-column elementor-col-25 elementor-top-column elementor-element elementor-element-20a9581d\" data-id=\"20a9581d\" data-element_type=\"column\" data-e-type=\"column\">\n\t\t\t<div class=\"elementor-widget-wrap elementor-element-populated\">\n\t\t\t\t\t\t<div class=\"elementor-element elementor-element-62a1c service-box-view-default elementor-widget elementor-widget-service-box\" data-id=\"62a1c\" data-element_type=\"widget\" data-e-type=\"widget\" data-settings=\"{&quot;_animation&quot;:&quot;none&quot;,&quot;_animation_delay&quot;:200}\" data-widget_type=\"service-box.default\">\n\t\t\t\t<div class=\"elementor-widget-container\">\n\t\t\t\t\t<div class=\"service-column none service-column-1 service-boxes-icon-with-title true alignicon-top alignicon-top-horizontal serviceboxes-horizontal clearfix\"> <div class=\"service-item none service-item-space\"><div class=\"service-item-inner service-icon-size-small\"><div class=\"service-icon\"><span class=\"icon-outer\"><i class=\"fontawesome in-circle  ion-ios-book\"><\/i><\/span><\/div><div class=\"service-content\"><h4><a  href=\"https:\/\/juergenputz.com\/fr\/contact\/\" >Livres<\/a><\/h4><div class=\"service-details\"><p> Trouvez l'inspiration dans mes livres pr\u00e9f\u00e9r\u00e9s ! <\/p>\n<a class=\"theme-btn-link\" href=\"https:\/\/juergenputz.com\/fr\/contact\/\"><div class=\"theme-btn theme-btn-outline-primary theme-hover-arrow\">\u00c9crivez-moi...<\/div><\/a><\/div><\/div><\/div><\/div> <\/div>\t\t\t\t<\/div>\n\t\t\t\t<\/div>\n\t\t\t\t\t<\/div>\n\t\t<\/div>\n\t\t\t\t<div class=\"elementor-column elementor-col-25 elementor-top-column elementor-element elementor-element-5f21aa0\" data-id=\"5f21aa0\" data-element_type=\"column\" data-e-type=\"column\">\n\t\t\t<div class=\"elementor-widget-wrap elementor-element-populated\">\n\t\t\t\t\t\t<div class=\"elementor-element elementor-element-2afb172 service-box-view-default elementor-widget elementor-widget-service-box\" data-id=\"2afb172\" data-element_type=\"widget\" data-e-type=\"widget\" data-settings=\"{&quot;_animation&quot;:&quot;none&quot;,&quot;_animation_delay&quot;:200}\" data-widget_type=\"service-box.default\">\n\t\t\t\t<div class=\"elementor-widget-container\">\n\t\t\t\t\t<div class=\"service-column none service-column-1 service-boxes-icon-with-title true alignicon-top alignicon-top-horizontal serviceboxes-horizontal clearfix\"> <div class=\"service-item none service-item-space\"><div class=\"service-item-inner service-icon-size-small\"><div class=\"service-icon\"><span class=\"icon-outer\"><i class=\"fontawesome in-circle  fa fa-shopping-cart\"><\/i><\/span><\/div><div class=\"service-content\"><h4><a  href=\"https:\/\/juergenputz.com\/fr\/contact\/\" >Photographies, calendriers et tirages<\/a><\/h4><div class=\"service-details\"><p> Embellissez votre environnement avec une photographie de votre choix cr\u00e9\u00e9e pour vous ! <\/p>\n<a class=\"theme-btn-link\" href=\"https:\/\/juergenputz.com\/fr\/contact\/\"><div class=\"theme-btn theme-btn-outline-primary theme-hover-arrow\">\u00c9crivez-moi...<\/div><\/a><\/div><\/div><\/div><\/div> <\/div>\t\t\t\t<\/div>\n\t\t\t\t<\/div>\n\t\t\t\t\t<\/div>\n\t\t<\/div>\n\t\t\t\t\t<\/div>\n\t\t<\/section>\n\t\t\t\t<\/div>","protected":false},"excerpt":{"rendered":"<p>DAS BIN ICH Ich bin J\u00fcrgen, schon oder auch erst 63 Jahre alt, begeisterter Fotograf, oft vom Fernweh gepackt, und immer gl\u00fccklich, wenn ich auf einer Reise etwas Neues erfahren darf. Ich interessiere mich f\u00fcr fremde Kulturen, Geschichte, unternehme ab und zu Touren mit dem Motorrad und wandere sehr gerne, vor allem auch l\u00e4ngere Wege. Und am liebsten sitze ich abends an einem Bush Boma im S\u00fcden Afrikas, bin aber auch fasziniert von den alten Hochkulturen Amerikas und den grandiosen [&hellip;]<\/p>\n","protected":false},"author":1,"featured_media":0,"parent":0,"menu_order":0,"comment_status":"closed","ping_status":"closed","template":"","meta":{"footnotes":""},"class_list":["post-53","page","type-page","status-publish","hentry"],"_links":{"self":[{"href":"https:\/\/juergenputz.com\/fr\/wp-json\/wp\/v2\/pages\/53","targetHints":{"allow":["GET"]}}],"collection":[{"href":"https:\/\/juergenputz.com\/fr\/wp-json\/wp\/v2\/pages"}],"about":[{"href":"https:\/\/juergenputz.com\/fr\/wp-json\/wp\/v2\/types\/page"}],"author":[{"embeddable":true,"href":"https:\/\/juergenputz.com\/fr\/wp-json\/wp\/v2\/users\/1"}],"replies":[{"embeddable":true,"href":"https:\/\/juergenputz.com\/fr\/wp-json\/wp\/v2\/comments?post=53"}],"version-history":[{"count":192,"href":"https:\/\/juergenputz.com\/fr\/wp-json\/wp\/v2\/pages\/53\/revisions"}],"predecessor-version":[{"id":5963,"href":"https:\/\/juergenputz.com\/fr\/wp-json\/wp\/v2\/pages\/53\/revisions\/5963"}],"wp:attachment":[{"href":"https:\/\/juergenputz.com\/fr\/wp-json\/wp\/v2\/media?parent=53"}],"curies":[{"name":"wp","href":"https:\/\/api.w.org\/{rel}","templated":true}]}}