{"id":4786,"date":"2023-05-06T15:39:27","date_gmt":"2023-05-06T13:39:27","guid":{"rendered":"https:\/\/juergenputz.com\/?page_id=4786"},"modified":"2023-05-07T17:47:23","modified_gmt":"2023-05-07T15:47:23","slug":"portefeuille-arabie","status":"publish","type":"page","link":"https:\/\/juergenputz.com\/fr\/elements-du-portefeuille\/portefeuille-arabie\/","title":{"rendered":"Portefeuille Arabie"},"content":{"rendered":"<div data-elementor-type=\"wp-post\" data-elementor-id=\"4786\" class=\"elementor elementor-4786\">\n\t\t\t\t\t\t<section class=\"jarallax lazyload elementor-section elementor-top-section elementor-element elementor-element-7f87d1a elementor-section-height-min-height elementor-section-boxed elementor-section-height-default elementor-section-items-middle\" data-jarallax=\"\" data-speed=\"0.75\" data-type=\"scroll\" data-parallax=\"scroll\" style=\"background-image:url(&quot;https:\/\/juergenputz.com\/wp-content\/uploads\/2023\/05\/Arabien.jpg&quot;);\" data-image-src=\"https:\/\/juergenputz.com\/wp-content\/uploads\/2023\/05\/Arabien.jpg\" data-id=\"7f87d1a\" data-element_type=\"section\" data-e-type=\"section\" data-settings=\"{&quot;background_background&quot;:&quot;classic&quot;}\">\n\t\t\t\t\t\t\t<div class=\"elementor-background-overlay\"><\/div>\n\t\t\t\t\t\t\t<div class=\"elementor-container elementor-column-gap-default\">\n\t\t\t\t\t<div class=\"elementor-column elementor-col-100 elementor-top-column elementor-element elementor-element-70b514b\" data-id=\"70b514b\" data-element_type=\"column\" data-e-type=\"column\" data-settings=\"{&quot;background_background&quot;:&quot;gradient&quot;}\">\n\t\t\t<div class=\"elementor-widget-wrap elementor-element-populated\">\n\t\t\t\t\t\t<div class=\"elementor-element elementor-element-bffbc77 section-align-center section-size-large elementor-widget__width-initial subtitle-style-default elementor-widget elementor-widget-section-heading\" data-id=\"bffbc77\" data-element_type=\"widget\" data-e-type=\"widget\" data-widget_type=\"section-heading.default\">\n\t\t\t\t<div class=\"elementor-widget-container\">\n\t\t\t\t\t<div class=\"section-heading headingstyle-subtitle\"><h5 class=\"entry-sub-title section-sub-title\">Portefeuille<\/h5><div class=\"section-title-wrapper\"><h2 class=\"entry-title section-title\">Arabie<\/h2><\/div><div class=\"section-description clearfix\"><div class=\"section-description-inner\"><p>La p\u00e9ninsule arabique fait partie des cinq plus grandes r\u00e9gions d\u00e9sertiques de la plan\u00e8te<\/p>\n<\/div><\/div><\/div>\t\t\t\t<\/div>\n\t\t\t\t<\/div>\n\t\t\t\t\t<\/div>\n\t\t<\/div>\n\t\t\t\t\t<\/div>\n\t\t<\/section>\n\t\t\t\t<section class=\"elementor-section elementor-top-section elementor-element elementor-element-6d129f1 elementor-section-boxed elementor-section-height-default elementor-section-height-default\" data-id=\"6d129f1\" data-element_type=\"section\" data-e-type=\"section\">\n\t\t\t\t\t\t<div class=\"elementor-container elementor-column-gap-default\">\n\t\t\t\t\t<div class=\"elementor-column elementor-col-100 elementor-top-column elementor-element elementor-element-b0184d4\" data-id=\"b0184d4\" data-element_type=\"column\" data-e-type=\"column\">\n\t\t\t<div class=\"elementor-widget-wrap\">\n\t\t\t\t\t\t\t<\/div>\n\t\t<\/div>\n\t\t\t\t\t<\/div>\n\t\t<\/section>\n\t\t\t\t<section class=\"elementor-section elementor-top-section elementor-element elementor-element-b73c238 elementor-section-boxed elementor-section-height-default elementor-section-height-default\" data-id=\"b73c238\" data-element_type=\"section\" data-e-type=\"section\">\n\t\t\t\t\t\t<div class=\"elementor-container elementor-column-gap-default\">\n\t\t\t\t\t<div class=\"elementor-column elementor-col-100 elementor-top-column elementor-element elementor-element-2a57591\" data-id=\"2a57591\" data-element_type=\"column\" data-e-type=\"column\">\n\t\t\t<div class=\"elementor-widget-wrap elementor-element-populated\">\n\t\t\t\t\t\t<div class=\"elementor-element elementor-element-190aa70 elementor-widget elementor-widget-portfolio-grid\" data-id=\"190aa70\" data-element_type=\"widget\" data-e-type=\"widget\" data-widget_type=\"portfolio-grid.default\">\n\t\t\t\t<div class=\"elementor-widget-container\">\n\t\t\t\t\t<div class=\"portfolio-grid-container lightgallery-container portfolio-gridblock-columns-wrap\"><div id=\"gridblock-container\" class=\"portfolio-gutter-spaced    has-effect-zoom grid-style-classic gridblock-four clearfix\" data-columns=\"4\"><div class=\"gridblock-element grid-animate-display-all isotope-displayed gridblock-element-id-4797 gridblock-element-order-1  gridblock-filterable filter-69\" data-portfolio=\"portfolio-4797\" data-id=\"id-2\"><div class=\"gridblock-grid-element gridblock-element-inner\" data-portfolioid=\"4797\"><div class=\"gridblock-background-hover\"><a  class=\"gridblock-sole-link\" href=\"https:\/\/juergenputz.com\/fr\/portefeuilles\/socotra\/\"><div class=\"gridblock-links-wrap box-title-\"><span class=\"column-gridblock-icon\"><span class=\"hover-icon-effect\"><i class=\"ion-ios-plus-empty\"><\/i><\/span><\/span><\/div><\/a><\/div><img decoding=\"async\" src=\"https:\/\/juergenputz.com\/wp-content\/themes\/blacksilver\/images\/placeholders\/placeholder-770x550.gif\" data-src=\"https:\/\/juergenputz.com\/wp-content\/uploads\/2023\/05\/Diksam-Plateau-Abenddaemmerung-770x550.jpg\" alt=\"\" class=\"displayed-image lazyload\"\/><\/div><div class=\"work-details\"><h4><a  href=\"https:\/\/juergenputz.com\/fr\/portefeuilles\/socotra\/\">Socotra<\/a><\/h4><p class=\"entry-content work-description\">- un joyau de l'oc\u00e9an Indien - <\/p><\/div><\/div><\/div><\/div>\t\t\t\t<\/div>\n\t\t\t\t<\/div>\n\t\t\t\t\t<\/div>\n\t\t<\/div>\n\t\t\t\t\t<\/div>\n\t\t<\/section>\n\t\t\t\t<\/div>","protected":false},"excerpt":{"rendered":"<p>Portefeuille Arabie La p\u00e9ninsule arabique fait partie des cinq plus grandes r\u00e9gions d\u00e9sertiques de la plan\u00e8te Socotra - un joyau de l'oc\u00e9an Indien -<\/p>","protected":false},"author":1,"featured_media":0,"parent":191,"menu_order":0,"comment_status":"closed","ping_status":"closed","template":"","meta":{"footnotes":""},"class_list":["post-4786","page","type-page","status-publish","hentry"],"_links":{"self":[{"href":"https:\/\/juergenputz.com\/fr\/wp-json\/wp\/v2\/pages\/4786","targetHints":{"allow":["GET"]}}],"collection":[{"href":"https:\/\/juergenputz.com\/fr\/wp-json\/wp\/v2\/pages"}],"about":[{"href":"https:\/\/juergenputz.com\/fr\/wp-json\/wp\/v2\/types\/page"}],"author":[{"embeddable":true,"href":"https:\/\/juergenputz.com\/fr\/wp-json\/wp\/v2\/users\/1"}],"replies":[{"embeddable":true,"href":"https:\/\/juergenputz.com\/fr\/wp-json\/wp\/v2\/comments?post=4786"}],"version-history":[{"count":10,"href":"https:\/\/juergenputz.com\/fr\/wp-json\/wp\/v2\/pages\/4786\/revisions"}],"predecessor-version":[{"id":4901,"href":"https:\/\/juergenputz.com\/fr\/wp-json\/wp\/v2\/pages\/4786\/revisions\/4901"}],"up":[{"embeddable":true,"href":"https:\/\/juergenputz.com\/fr\/wp-json\/wp\/v2\/pages\/191"}],"wp:attachment":[{"href":"https:\/\/juergenputz.com\/fr\/wp-json\/wp\/v2\/media?parent=4786"}],"curies":[{"name":"wp","href":"https:\/\/api.w.org\/{rel}","templated":true}]}}