{"id":4421,"date":"2023-01-09T18:17:32","date_gmt":"2023-01-09T17:17:32","guid":{"rendered":"https:\/\/juergenputz.com\/?page_id=4421"},"modified":"2023-02-05T18:46:33","modified_gmt":"2023-02-05T17:46:33","slug":"portefeuille-bresil","status":"publish","type":"page","link":"https:\/\/juergenputz.com\/fr\/elements-du-portefeuille\/portefeuille-bresil\/","title":{"rendered":"Portefeuille Br\u00e9sil"},"content":{"rendered":"<div data-elementor-type=\"wp-post\" data-elementor-id=\"4421\" class=\"elementor elementor-4421\">\n\t\t\t\t\t\t<section class=\"jarallax lazyload elementor-section elementor-top-section elementor-element elementor-element-7f87d1a elementor-section-height-min-height elementor-section-boxed elementor-section-height-default elementor-section-items-middle\" data-jarallax=\"\" data-speed=\"0.75\" data-type=\"scroll\" data-parallax=\"scroll\" style=\"background-image:url(&quot;https:\/\/juergenputz.com\/wp-content\/uploads\/2023\/01\/Brasilien_Roter_Ibis.jpg&quot;);\" data-image-src=\"https:\/\/juergenputz.com\/wp-content\/uploads\/2023\/01\/Brasilien_Roter_Ibis.jpg\" data-id=\"7f87d1a\" data-element_type=\"section\" data-e-type=\"section\" data-settings=\"{&quot;background_background&quot;:&quot;classic&quot;}\">\n\t\t\t\t\t\t\t<div class=\"elementor-background-overlay\"><\/div>\n\t\t\t\t\t\t\t<div class=\"elementor-container elementor-column-gap-default\">\n\t\t\t\t\t<div class=\"elementor-column elementor-col-100 elementor-top-column elementor-element elementor-element-70b514b\" data-id=\"70b514b\" data-element_type=\"column\" data-e-type=\"column\" data-settings=\"{&quot;background_background&quot;:&quot;gradient&quot;}\">\n\t\t\t<div class=\"elementor-widget-wrap elementor-element-populated\">\n\t\t\t\t\t\t<div class=\"elementor-element elementor-element-bffbc77 section-align-center section-size-large elementor-widget__width-initial subtitle-style-default elementor-widget elementor-widget-section-heading\" data-id=\"bffbc77\" data-element_type=\"widget\" data-e-type=\"widget\" data-widget_type=\"section-heading.default\">\n\t\t\t\t<div class=\"elementor-widget-container\">\n\t\t\t\t\t<div class=\"section-heading headingstyle-subtitle\"><h5 class=\"entry-sub-title section-sub-title\">Portefeuille<\/h5><div class=\"section-title-wrapper\"><h2 class=\"entry-title section-title\">Br\u00e9sil<\/h2><\/div><div class=\"section-description clearfix\"><div class=\"section-description-inner\"><p>Une faune et une flore uniques dans le plus grand pays d'Am\u00e9rique du Sud<\/p>\n<\/div><\/div><\/div>\t\t\t\t<\/div>\n\t\t\t\t<\/div>\n\t\t\t\t\t<\/div>\n\t\t<\/div>\n\t\t\t\t\t<\/div>\n\t\t<\/section>\n\t\t\t\t<section class=\"elementor-section elementor-top-section elementor-element elementor-element-6d129f1 elementor-section-boxed elementor-section-height-default elementor-section-height-default\" data-id=\"6d129f1\" data-element_type=\"section\" data-e-type=\"section\">\n\t\t\t\t\t\t<div class=\"elementor-container elementor-column-gap-default\">\n\t\t\t\t\t<div class=\"elementor-column elementor-col-100 elementor-top-column elementor-element elementor-element-b0184d4\" data-id=\"b0184d4\" data-element_type=\"column\" data-e-type=\"column\">\n\t\t\t<div class=\"elementor-widget-wrap\">\n\t\t\t\t\t\t\t<\/div>\n\t\t<\/div>\n\t\t\t\t\t<\/div>\n\t\t<\/section>\n\t\t\t\t<section class=\"elementor-section elementor-top-section elementor-element elementor-element-b73c238 elementor-section-boxed elementor-section-height-default elementor-section-height-default\" data-id=\"b73c238\" data-element_type=\"section\" data-e-type=\"section\">\n\t\t\t\t\t\t<div class=\"elementor-container elementor-column-gap-default\">\n\t\t\t\t\t<div class=\"elementor-column elementor-col-100 elementor-top-column elementor-element elementor-element-2a57591\" data-id=\"2a57591\" data-element_type=\"column\" data-e-type=\"column\">\n\t\t\t<div class=\"elementor-widget-wrap elementor-element-populated\">\n\t\t\t\t\t\t<div class=\"elementor-element elementor-element-190aa70 elementor-widget elementor-widget-portfolio-grid\" data-id=\"190aa70\" data-element_type=\"widget\" data-e-type=\"widget\" data-widget_type=\"portfolio-grid.default\">\n\t\t\t\t<div class=\"elementor-widget-container\">\n\t\t\t\t\t<div class=\"portfolio-grid-container lightgallery-container portfolio-gridblock-columns-wrap\"><div id=\"gridblock-container\" class=\"portfolio-gutter-spaced    has-effect-zoom grid-style-classic gridblock-four clearfix\" data-columns=\"4\"><div class=\"gridblock-element grid-animate-display-all isotope-displayed gridblock-element-id-4426 gridblock-element-order-1  gridblock-filterable filter-65\" data-portfolio=\"portfolio-4426\" data-id=\"id-2\"><div class=\"gridblock-grid-element gridblock-element-inner\" data-portfolioid=\"4426\"><div class=\"gridblock-background-hover\"><a  class=\"gridblock-sole-link\" href=\"https:\/\/juergenputz.com\/fr\/portefeuilles\/pantanal-mato-grosso\/\"><div class=\"gridblock-links-wrap box-title-\"><span class=\"column-gridblock-icon\"><span class=\"hover-icon-effect\"><i class=\"ion-ios-plus-empty\"><\/i><\/span><\/span><\/div><\/a><\/div><img decoding=\"async\" src=\"https:\/\/juergenputz.com\/wp-content\/themes\/blacksilver\/images\/placeholders\/placeholder-770x550.gif\" data-src=\"https:\/\/juergenputz.com\/wp-content\/uploads\/2023\/01\/Pantanal_Sonnenuntergang-770x550.jpg\" alt=\"\" class=\"displayed-image lazyload\"\/><\/div><div class=\"work-details\"><h4><a  href=\"https:\/\/juergenputz.com\/fr\/portefeuilles\/pantanal-mato-grosso\/\">Pantanal - Mato Grosso<\/a><\/h4><p class=\"entry-content work-description\">- la plus grande zone humide de la plan\u00e8te - <\/p><\/div><\/div><div class=\"gridblock-element grid-animate-display-all isotope-displayed gridblock-element-id-4524 gridblock-element-order-2  gridblock-filterable filter-66\" data-portfolio=\"portfolio-4524\" data-id=\"id-3\"><div class=\"gridblock-grid-element gridblock-element-inner\" data-portfolioid=\"4524\"><div class=\"gridblock-background-hover\"><a  class=\"gridblock-sole-link\" href=\"https:\/\/juergenputz.com\/fr\/portefeuilles\/pantanal-mato-grosso-do-sur\/\"><div class=\"gridblock-links-wrap box-title-\"><span class=\"column-gridblock-icon\"><span class=\"hover-icon-effect\"><i class=\"ion-ios-plus-empty\"><\/i><\/span><\/span><\/div><\/a><\/div><img decoding=\"async\" src=\"https:\/\/juergenputz.com\/wp-content\/themes\/blacksilver\/images\/placeholders\/placeholder-770x550.gif\" data-src=\"https:\/\/juergenputz.com\/wp-content\/uploads\/2023\/01\/Cowboys_Hacienda-770x550.jpg\" alt=\"\" class=\"displayed-image lazyload\"\/><\/div><div class=\"work-details\"><h4><a  href=\"https:\/\/juergenputz.com\/fr\/portefeuilles\/pantanal-mato-grosso-do-sur\/\">Pantanal - Mato Grosso do Sur<\/a><\/h4><p class=\"entry-content work-description\">- la zone d'inondation mar\u00e9cageuse du Pantanal - <\/p><\/div><\/div><div class=\"gridblock-element grid-animate-display-all isotope-displayed gridblock-element-id-4678 gridblock-element-order-3  gridblock-filterable filter-67\" data-portfolio=\"portfolio-4678\" data-id=\"id-4\"><div class=\"gridblock-grid-element gridblock-element-inner\" data-portfolioid=\"4678\"><div class=\"gridblock-background-hover\"><a  class=\"gridblock-sole-link\" href=\"https:\/\/juergenputz.com\/fr\/portefeuilles\/sao-luis\/\"><div class=\"gridblock-links-wrap box-title-\"><span class=\"column-gridblock-icon\"><span class=\"hover-icon-effect\"><i class=\"ion-ios-plus-empty\"><\/i><\/span><\/span><\/div><\/a><\/div><img decoding=\"async\" src=\"https:\/\/juergenputz.com\/wp-content\/themes\/blacksilver\/images\/placeholders\/placeholder-770x550.gif\" data-src=\"https:\/\/juergenputz.com\/wp-content\/uploads\/2023\/02\/Sao_Luis-770x550.jpg\" alt=\"\" class=\"displayed-image lazyload\"\/><\/div><div class=\"work-details\"><h4><a  href=\"https:\/\/juergenputz.com\/fr\/portefeuilles\/sao-luis\/\">S\u00e3o Lu\u00eds - Maranh\u00e3o<\/a><\/h4><p class=\"entry-content work-description\">- le centre historique est aujourd'hui inscrit au patrimoine mondial de l'UNESCO - <\/p><\/div><\/div><\/div><\/div>\t\t\t\t<\/div>\n\t\t\t\t<\/div>\n\t\t\t\t\t<\/div>\n\t\t<\/div>\n\t\t\t\t\t<\/div>\n\t\t<\/section>\n\t\t\t\t<\/div>","protected":false},"excerpt":{"rendered":"<p>Portfolio Br\u00e9sil Une faune et une flore uniques dans le plus grand pays d'Am\u00e9rique du Sud Pantanal - Mato Grosso - la plus grande zone humide de la plan\u00e8te - Pantanal - Mato Grosso do Sur - la plaine d'inondation mar\u00e9cageuse du Pantanal - S\u00e3o Lu\u00eds - le centre historique est aujourd'hui patrimoine mondial de l'UNESCO -<\/p>","protected":false},"author":1,"featured_media":0,"parent":191,"menu_order":0,"comment_status":"closed","ping_status":"closed","template":"","meta":{"footnotes":""},"class_list":["post-4421","page","type-page","status-publish","hentry"],"_links":{"self":[{"href":"https:\/\/juergenputz.com\/fr\/wp-json\/wp\/v2\/pages\/4421","targetHints":{"allow":["GET"]}}],"collection":[{"href":"https:\/\/juergenputz.com\/fr\/wp-json\/wp\/v2\/pages"}],"about":[{"href":"https:\/\/juergenputz.com\/fr\/wp-json\/wp\/v2\/types\/page"}],"author":[{"embeddable":true,"href":"https:\/\/juergenputz.com\/fr\/wp-json\/wp\/v2\/users\/1"}],"replies":[{"embeddable":true,"href":"https:\/\/juergenputz.com\/fr\/wp-json\/wp\/v2\/comments?post=4421"}],"version-history":[{"count":9,"href":"https:\/\/juergenputz.com\/fr\/wp-json\/wp\/v2\/pages\/4421\/revisions"}],"predecessor-version":[{"id":4783,"href":"https:\/\/juergenputz.com\/fr\/wp-json\/wp\/v2\/pages\/4421\/revisions\/4783"}],"up":[{"embeddable":true,"href":"https:\/\/juergenputz.com\/fr\/wp-json\/wp\/v2\/pages\/191"}],"wp:attachment":[{"href":"https:\/\/juergenputz.com\/fr\/wp-json\/wp\/v2\/media?parent=4421"}],"curies":[{"name":"wp","href":"https:\/\/api.w.org\/{rel}","templated":true}]}}