{"id":4224,"date":"2022-08-08T17:14:26","date_gmt":"2022-08-08T15:14:26","guid":{"rendered":"https:\/\/juergenputz.com\/?page_id=4224"},"modified":"2022-08-08T18:21:22","modified_gmt":"2022-08-08T16:21:22","slug":"mentions-legales","status":"publish","type":"page","link":"https:\/\/juergenputz.com\/fr\/mentions-legales\/","title":{"rendered":"Mentions l\u00e9gales"},"content":{"rendered":"<div data-elementor-type=\"wp-page\" data-elementor-id=\"4224\" class=\"elementor elementor-4224\">\n\t\t\t\t\t\t<section class=\"elementor-section elementor-top-section elementor-element elementor-element-b598a2a elementor-section-boxed elementor-section-height-default elementor-section-height-default\" data-id=\"b598a2a\" data-element_type=\"section\" data-e-type=\"section\">\n\t\t\t\t\t\t<div class=\"elementor-container elementor-column-gap-default\">\n\t\t\t\t\t<div class=\"elementor-column elementor-col-100 elementor-top-column elementor-element elementor-element-51c22b73\" data-id=\"51c22b73\" data-element_type=\"column\" data-e-type=\"column\">\n\t\t\t<div class=\"elementor-widget-wrap elementor-element-populated\">\n\t\t\t\t\t\t<div class=\"elementor-element elementor-element-d525047 elementor-widget elementor-widget-text-editor\" data-id=\"d525047\" data-element_type=\"widget\" data-e-type=\"widget\" data-widget_type=\"text-editor.default\">\n\t\t\t\t<div class=\"elementor-widget-container\">\n\t\t\t\t\t\t\t\t\t<h2 class=\"p1\"><span style=\"text-decoration: underline;\">Mentions l\u00e9gales<\/span><\/h2><h3>\u00a0<\/h3><h3 class=\"p2\">Informations selon \u00a7 5 TMG<\/h3><pre class=\"p3\">Summanus GmbH\n3, rue Raiffeisen\n40764 Langenfeld<\/pre><pre class=\"p3\">Registre du commerce : HRB 22861\nCour de registre : Tribunal d'instance : Wiesbaden<\/pre><h4 class=\"p3\">Repr\u00e9sent\u00e9 par :<\/h4><pre>J\u00fcrgen Putz<\/pre><h5>Contact :<\/h5><pre class=\"p1\">T\u00e9l\u00e9phone : +49 (0) 21731650171<br \/>Courrier \u00e9lectronique : info@summanus.de<\/pre><h3>\u00a0<\/h3><h3 class=\"p2\">Num\u00e9ro d'identification de la taxe sur le chiffre d'affaires<\/h3><pre class=\"p1\">Num\u00e9ro d'identification de la taxe sur le chiffre d'affaires conform\u00e9ment au \u00a7 27 a de la loi sur la taxe sur le chiffre d'affaires:DE253678669<\/pre><h3>\u00a0<\/h3><h3 class=\"p2\">Responsable de la r\u00e9daction (\u00a7 55 Abs. 2 RStV)<\/h3><pre class=\"p1\">J\u00fcrgen Putz<br \/>Rue Raiffeisen 3<br \/>40764 Langenfeld<\/pre><h3>\u00a0<\/h3><h3 class=\"p2\">R\u00e8glement des litiges de l'UE<\/h3><pre class=\"p1\">La Commission europ\u00e9enne met \u00e0 disposition une plateforme de r\u00e8glement en ligne des litiges (RLL) :<\/pre><p class=\"p3\"><a href=\"https:\/\/ec.europa.eu\/consumers\/odr\/\">https:\/\/ec.europa.eu\/consumers\/odr\/<\/a><\/p><pre class=\"p1\">Vous trouverez notre adresse e-mail en haut dans les mentions l\u00e9gales.<\/pre><h3>\u00a0<\/h3><h3 class=\"p2\">R\u00e8glement des litiges de consommation\/organisme de conciliation universel<\/h3><pre class=\"p1\">Nous ne sommes pas pr\u00eats ou oblig\u00e9s de participer \u00e0 des proc\u00e9dures de r\u00e8glement des litiges devant un organisme de conciliation des consommateurs.<\/pre><h3>\u00a0<\/h3><h3><em>Copyright 2022<\/em><\/h3><pre>Tous les contenus, en particulier les textes, les photographies et les graphiques, sont prot\u00e9g\u00e9s par des droits d'auteur. <br \/>Tous les droits, y compris la reproduction, la publication, l'adaptation et la traduction, sont r\u00e9serv\u00e9s. <\/pre><pre><em>J\u00fcrgen Putz, Summanus GmbH.<\/em><\/pre><h4>\u00a0<\/h4><h4 class=\"p1\">Source :<\/h4><pre class=\"p3\">eRecht24<\/pre><p class=\"p4\">\u00a0<\/p>\t\t\t\t\t\t\t\t<\/div>\n\t\t\t\t<\/div>\n\t\t\t\t\t<\/div>\n\t\t<\/div>\n\t\t\t\t\t<\/div>\n\t\t<\/section>\n\t\t\t\t<\/div>","protected":false},"excerpt":{"rendered":"<p>Impressum &nbsp; Angaben gem\u00e4\u00df \u00a7 5 TMG Summanus GmbH Raiffeisenstrasse 3 40764 Langenfeld Handelsregister: HRB 22861 Registergericht: Amtsgericht: Wiesbaden Vertreten durch: J\u00fcrgen Putz Kontakt: Telefon: +49 (0) 21731650171 E-Mail: info@summanus.de &nbsp; Umsatzsteuer-ID Umsatzsteuer-Identifikationsnummer gem\u00e4\u00df \u00a7 27 a Umsatzsteuergesetz:DE253678669 &nbsp; Redaktionell verantwortlich (\u00a7 55 Abs. 2 RStV) Ju\u0308rgen Putz Raiffeisenstrasse 3 40764 Langenfeld &nbsp; EU-Streitschlichtung Die Europ\u00e4ische Kommission stellt eine Plattform zur Online-Streitbeilegung (OS) bereit: https:\/\/ec.europa.eu\/consumers\/odr\/ Unsere E-Mail-Adresse finden Sie oben im Impressum. &nbsp; Verbraucherstreitbeilegung\/Universalschlichtungsstelle Wir sind nicht bereit oder verpflichtet, [&hellip;]<\/p>\n","protected":false},"author":1,"featured_media":0,"parent":0,"menu_order":0,"comment_status":"closed","ping_status":"open","template":"","meta":{"footnotes":""},"class_list":["post-4224","page","type-page","status-publish","hentry"],"_links":{"self":[{"href":"https:\/\/juergenputz.com\/fr\/wp-json\/wp\/v2\/pages\/4224","targetHints":{"allow":["GET"]}}],"collection":[{"href":"https:\/\/juergenputz.com\/fr\/wp-json\/wp\/v2\/pages"}],"about":[{"href":"https:\/\/juergenputz.com\/fr\/wp-json\/wp\/v2\/types\/page"}],"author":[{"embeddable":true,"href":"https:\/\/juergenputz.com\/fr\/wp-json\/wp\/v2\/users\/1"}],"replies":[{"embeddable":true,"href":"https:\/\/juergenputz.com\/fr\/wp-json\/wp\/v2\/comments?post=4224"}],"version-history":[{"count":31,"href":"https:\/\/juergenputz.com\/fr\/wp-json\/wp\/v2\/pages\/4224\/revisions"}],"predecessor-version":[{"id":4257,"href":"https:\/\/juergenputz.com\/fr\/wp-json\/wp\/v2\/pages\/4224\/revisions\/4257"}],"wp:attachment":[{"href":"https:\/\/juergenputz.com\/fr\/wp-json\/wp\/v2\/media?parent=4224"}],"curies":[{"name":"wp","href":"https:\/\/api.w.org\/{rel}","templated":true}]}}