{"id":4671,"date":"2023-02-03T11:13:37","date_gmt":"2023-02-03T10:13:37","guid":{"rendered":"https:\/\/juergenputz.com\/?page_id=4671"},"modified":"2023-05-07T18:30:47","modified_gmt":"2023-05-07T16:30:47","slug":"inicio-brasil","status":"publish","type":"page","link":"https:\/\/juergenputz.com\/es\/","title":{"rendered":"Inicio - Brasil"},"content":{"rendered":"<div data-elementor-type=\"wp-post\" data-elementor-id=\"4671\" class=\"elementor elementor-4671\">\n\t\t\t\t\t\t<section class=\"jarallax lazyload elementor-section elementor-top-section elementor-element elementor-element-6c0550b5 elementor-section-height-full elementor-section-boxed elementor-section-height-default elementor-section-items-middle\" data-jarallax=\"\" data-speed=\"0.75\" data-type=\"scroll\" data-parallax=\"scroll\" style=\"background-image:url(&quot;https:\/\/juergenputz.com\/wp-content\/uploads\/2023\/05\/Diksam-Plateau-Abenddaemmerung.jpg&quot;);\" data-image-src=\"https:\/\/juergenputz.com\/wp-content\/uploads\/2023\/05\/Diksam-Plateau-Abenddaemmerung.jpg\" data-id=\"6c0550b5\" data-element_type=\"section\" data-e-type=\"section\" data-settings=\"{&quot;background_background&quot;:&quot;classic&quot;}\">\n\t\t\t\t\t\t<div class=\"elementor-container elementor-column-gap-wider\">\n\t\t\t\t\t<div class=\"elementor-column elementor-col-100 elementor-top-column elementor-element elementor-element-25c9c684 elementor-invisible\" data-id=\"25c9c684\" data-element_type=\"column\" data-e-type=\"column\" data-settings=\"{&quot;animation&quot;:&quot;fadeIn&quot;}\">\n\t\t\t<div class=\"elementor-widget-wrap elementor-element-populated\">\n\t\t\t\t\t\t<div class=\"elementor-element elementor-element-5c6fc091 elementor-widget elementor-widget-heading\" data-id=\"5c6fc091\" data-element_type=\"widget\" data-e-type=\"widget\" data-widget_type=\"heading.default\">\n\t\t\t\t<div class=\"elementor-widget-container\">\n\t\t\t\t\t<h2 class=\"elementor-heading-title elementor-size-default\">Socotra<\/h2>\t\t\t\t<\/div>\n\t\t\t\t<\/div>\n\t\t\t\t<div class=\"elementor-element elementor-element-66e07e35 elementor-widget elementor-widget-heading\" data-id=\"66e07e35\" data-element_type=\"widget\" data-e-type=\"widget\" data-widget_type=\"heading.default\">\n\t\t\t\t<div class=\"elementor-widget-container\">\n\t\t\t\t\t<p class=\"elementor-heading-title elementor-size-default\">Este paradis\u00edaco archipi\u00e9lago de cuatro islas se encuentra a unos 240 kil\u00f3metros al este del Cuerno de \u00c1frica y a 380 kil\u00f3metros al sur de la Pen\u00ednsula Ar\u00e1biga.<br> Su incre\u00edble biodiversidad, especialmente las especies vegetales end\u00e9micas, es tan singular que la UNESCO declar\u00f3 las islas Patrimonio de la Humanidad en 2008.<\/p>\t\t\t\t<\/div>\n\t\t\t\t<\/div>\n\t\t\t\t<div class=\"elementor-element elementor-element-7fdcf77 elementor-widget elementor-widget-heading\" data-id=\"7fdcf77\" data-element_type=\"widget\" data-e-type=\"widget\" data-widget_type=\"heading.default\">\n\t\t\t\t<div class=\"elementor-widget-container\">\n\t\t\t\t\t<p class=\"elementor-heading-title elementor-size-default\"><a href=\"https:\/\/juergenputz.com\/es\/carteras\/socotra\/\"><b>Cartera<\/b>...<\/a><\/p>\t\t\t\t<\/div>\n\t\t\t\t<\/div>\n\t\t\t\t\t<\/div>\n\t\t<\/div>\n\t\t\t\t\t<\/div>\n\t\t<\/section>\n\t\t\t\t<\/div>","protected":false},"excerpt":{"rendered":"<p>Socotra Este paradis\u00edaco archipi\u00e9lago de cuatro islas se encuentra a unos 240 kil\u00f3metros al este del Cuerno de \u00c1frica y a 380 kil\u00f3metros al sur de la Pen\u00ednsula Ar\u00e1biga. Su incre\u00edble biodiversidad, especialmente las especies vegetales end\u00e9micas, es tan singular que la UNESCO declar\u00f3 las islas Patrimonio de la Humanidad en 2008. Cartera...<\/p>","protected":false},"author":1,"featured_media":0,"parent":0,"menu_order":0,"comment_status":"closed","ping_status":"closed","template":"","meta":{"footnotes":""},"class_list":["post-4671","page","type-page","status-publish","hentry"],"_links":{"self":[{"href":"https:\/\/juergenputz.com\/es\/wp-json\/wp\/v2\/pages\/4671","targetHints":{"allow":["GET"]}}],"collection":[{"href":"https:\/\/juergenputz.com\/es\/wp-json\/wp\/v2\/pages"}],"about":[{"href":"https:\/\/juergenputz.com\/es\/wp-json\/wp\/v2\/types\/page"}],"author":[{"embeddable":true,"href":"https:\/\/juergenputz.com\/es\/wp-json\/wp\/v2\/users\/1"}],"replies":[{"embeddable":true,"href":"https:\/\/juergenputz.com\/es\/wp-json\/wp\/v2\/comments?post=4671"}],"version-history":[{"count":16,"href":"https:\/\/juergenputz.com\/es\/wp-json\/wp\/v2\/pages\/4671\/revisions"}],"predecessor-version":[{"id":4917,"href":"https:\/\/juergenputz.com\/es\/wp-json\/wp\/v2\/pages\/4671\/revisions\/4917"}],"wp:attachment":[{"href":"https:\/\/juergenputz.com\/es\/wp-json\/wp\/v2\/media?parent=4671"}],"curies":[{"name":"wp","href":"https:\/\/api.w.org\/{rel}","templated":true}]}}