{"id":4224,"date":"2022-08-08T17:14:26","date_gmt":"2022-08-08T15:14:26","guid":{"rendered":"https:\/\/juergenputz.com\/?page_id=4224"},"modified":"2022-08-08T18:21:22","modified_gmt":"2022-08-08T16:21:22","slug":"imprimir","status":"publish","type":"page","link":"https:\/\/juergenputz.com\/es\/imprimir\/","title":{"rendered":"Pie de imprenta"},"content":{"rendered":"<div data-elementor-type=\"wp-page\" data-elementor-id=\"4224\" class=\"elementor elementor-4224\">\n\t\t\t\t\t\t<section class=\"elementor-section elementor-top-section elementor-element elementor-element-b598a2a elementor-section-boxed elementor-section-height-default elementor-section-height-default\" data-id=\"b598a2a\" data-element_type=\"section\" data-e-type=\"section\">\n\t\t\t\t\t\t<div class=\"elementor-container elementor-column-gap-default\">\n\t\t\t\t\t<div class=\"elementor-column elementor-col-100 elementor-top-column elementor-element elementor-element-51c22b73\" data-id=\"51c22b73\" data-element_type=\"column\" data-e-type=\"column\">\n\t\t\t<div class=\"elementor-widget-wrap elementor-element-populated\">\n\t\t\t\t\t\t<div class=\"elementor-element elementor-element-d525047 elementor-widget elementor-widget-text-editor\" data-id=\"d525047\" data-element_type=\"widget\" data-e-type=\"widget\" data-widget_type=\"text-editor.default\">\n\t\t\t\t<div class=\"elementor-widget-container\">\n\t\t\t\t\t\t\t\t\t<h2 class=\"p1\"><span style=\"text-decoration: underline;\">Pie de imprenta<\/span><\/h2><h3>\u00a0<\/h3><h3 class=\"p2\">Informaci\u00f3n seg\u00fan \u00a7 5 TMG<\/h3><pre class=\"p3\">Summanus GmbH\nRaiffeisenstrasse 3\n40764 Langenfeld<\/pre><pre class=\"p3\">Registro mercantil: HRB 22861\nJuzgado de registro: Juzgado municipal: Wiesbaden<\/pre><h4 class=\"p3\">Representado por:<\/h4><pre>J\u00fcrgen Putz<\/pre><h5>Contacto:<\/h5><pre class=\"p1\">Tel\u00e9fono: +49 (0) 21731650171<br \/>Correo electr\u00f3nico: info@summanus.de<\/pre><h3>\u00a0<\/h3><h3 class=\"p2\">N\u00famero de identificaci\u00f3n fiscal<\/h3><pre class=\"p1\">N\u00famero de identificaci\u00f3n fiscal seg\u00fan \u00a7 27 a de la ley del impuesto sobre las ventas:DE253678669<\/pre><h3>\u00a0<\/h3><h3 class=\"p2\">Responsabilidad editorial (\u00a7 55 apartado 2 RStV)<\/h3><pre class=\"p1\">J\u00fcrgen Putz<br \/>Raiffeisenstrasse 3<br \/>40764 Langenfeld<\/pre><h3>\u00a0<\/h3><h3 class=\"p2\">Resoluci\u00f3n de litigios en la UE<\/h3><pre class=\"p1\">La Comisi\u00f3n Europea ofrece una plataforma para la resoluci\u00f3n de litigios en l\u00ednea (OS):<\/pre><p class=\"p3\"><a href=\"https:\/\/ec.europa.eu\/consumers\/odr\/\">https:\/\/ec.europa.eu\/consumers\/odr\/<\/a><\/p><pre class=\"p1\">Encontrar\u00e1 nuestra direcci\u00f3n de correo electr\u00f3nico en el aviso legal anterior.<\/pre><h3>\u00a0<\/h3><h3 class=\"p2\">Resoluci\u00f3n de litigios de consumo\/centro de arbitraje universal<\/h3><pre class=\"p1\">No estamos dispuestos ni obligados a participar en un procedimiento de resoluci\u00f3n de litigios ante una junta arbitral de consumo.<\/pre><h3>\u00a0<\/h3><h3><em>Derechos de autor 2022<\/em><\/h3><pre>Todos los contenidos, en particular textos, fotograf\u00edas y gr\u00e1ficos, est\u00e1n protegidos por derechos de autor. <br \/>Quedan reservados todos los derechos, incluidos los de reproducci\u00f3n, publicaci\u00f3n, edici\u00f3n y traducci\u00f3n. <\/pre><pre><em>J\u00fcrgen Putz, Summanus GmbH.<\/em><\/pre><h4>\u00a0<\/h4><h4 class=\"p1\">Fuente:<\/h4><pre class=\"p3\">eRecht24<\/pre><p class=\"p4\">\u00a0<\/p>\t\t\t\t\t\t\t\t<\/div>\n\t\t\t\t<\/div>\n\t\t\t\t\t<\/div>\n\t\t<\/div>\n\t\t\t\t\t<\/div>\n\t\t<\/section>\n\t\t\t\t<\/div>","protected":false},"excerpt":{"rendered":"<p>Impressum &nbsp; Angaben gem\u00e4\u00df \u00a7 5 TMG Summanus GmbH Raiffeisenstrasse 3 40764 Langenfeld Handelsregister: HRB 22861 Registergericht: Amtsgericht: Wiesbaden Vertreten durch: J\u00fcrgen Putz Kontakt: Telefon: +49 (0) 21731650171 E-Mail: info@summanus.de &nbsp; Umsatzsteuer-ID Umsatzsteuer-Identifikationsnummer gem\u00e4\u00df \u00a7 27 a Umsatzsteuergesetz:DE253678669 &nbsp; Redaktionell verantwortlich (\u00a7 55 Abs. 2 RStV) Ju\u0308rgen Putz Raiffeisenstrasse 3 40764 Langenfeld &nbsp; EU-Streitschlichtung Die Europ\u00e4ische Kommission stellt eine Plattform zur Online-Streitbeilegung (OS) bereit: https:\/\/ec.europa.eu\/consumers\/odr\/ Unsere E-Mail-Adresse finden Sie oben im Impressum. &nbsp; Verbraucherstreitbeilegung\/Universalschlichtungsstelle Wir sind nicht bereit oder verpflichtet, [&hellip;]<\/p>\n","protected":false},"author":1,"featured_media":0,"parent":0,"menu_order":0,"comment_status":"closed","ping_status":"open","template":"","meta":{"footnotes":""},"class_list":["post-4224","page","type-page","status-publish","hentry"],"_links":{"self":[{"href":"https:\/\/juergenputz.com\/es\/wp-json\/wp\/v2\/pages\/4224","targetHints":{"allow":["GET"]}}],"collection":[{"href":"https:\/\/juergenputz.com\/es\/wp-json\/wp\/v2\/pages"}],"about":[{"href":"https:\/\/juergenputz.com\/es\/wp-json\/wp\/v2\/types\/page"}],"author":[{"embeddable":true,"href":"https:\/\/juergenputz.com\/es\/wp-json\/wp\/v2\/users\/1"}],"replies":[{"embeddable":true,"href":"https:\/\/juergenputz.com\/es\/wp-json\/wp\/v2\/comments?post=4224"}],"version-history":[{"count":31,"href":"https:\/\/juergenputz.com\/es\/wp-json\/wp\/v2\/pages\/4224\/revisions"}],"predecessor-version":[{"id":4257,"href":"https:\/\/juergenputz.com\/es\/wp-json\/wp\/v2\/pages\/4224\/revisions\/4257"}],"wp:attachment":[{"href":"https:\/\/juergenputz.com\/es\/wp-json\/wp\/v2\/media?parent=4224"}],"curies":[{"name":"wp","href":"https:\/\/api.w.org\/{rel}","templated":true}]}}