{"id":53,"date":"2019-06-25T03:45:34","date_gmt":"2019-06-25T03:45:34","guid":{"rendered":"http:\/\/blacksilver-ceres.imaginem.co\/?page_id=53"},"modified":"2025-08-24T06:06:07","modified_gmt":"2025-08-24T04:06:07","slug":"about-me","status":"publish","type":"page","link":"https:\/\/juergenputz.com\/en\/about-me\/","title":{"rendered":"About Me"},"content":{"rendered":"<div data-elementor-type=\"wp-post\" data-elementor-id=\"53\" class=\"elementor elementor-53\">\n\t\t\t\t\t\t<section class=\"elementor-section elementor-top-section elementor-element elementor-element-45d07e27 elementor-section-boxed elementor-section-height-default elementor-section-height-default\" data-id=\"45d07e27\" data-element_type=\"section\" data-e-type=\"section\" data-settings=\"{&quot;background_background&quot;:&quot;classic&quot;}\">\n\t\t\t\t\t\t\t<div class=\"elementor-background-overlay\"><\/div>\n\t\t\t\t\t\t\t<div class=\"elementor-container elementor-column-gap-default\">\n\t\t\t\t\t<div class=\"elementor-column elementor-col-100 elementor-top-column elementor-element elementor-element-6ebfc033\" data-id=\"6ebfc033\" data-element_type=\"column\" data-e-type=\"column\">\n\t\t\t<div class=\"elementor-widget-wrap elementor-element-populated\">\n\t\t\t\t\t\t<div class=\"elementor-element elementor-element-434c2203 section-align-left section-size-large subtitle-style-default elementor-widget elementor-widget-section-heading\" data-id=\"434c2203\" data-element_type=\"widget\" data-e-type=\"widget\" data-widget_type=\"section-heading.default\">\n\t\t\t\t<div class=\"elementor-widget-container\">\n\t\t\t\t\t<div class=\"section-heading headingstyle-subtitle\"><div class=\"section-title-wrapper\"><h2 class=\"entry-title section-title\"><\/h2><\/div><\/div>\t\t\t\t<\/div>\n\t\t\t\t<\/div>\n\t\t\t\t\t<\/div>\n\t\t<\/div>\n\t\t\t\t\t<\/div>\n\t\t<\/section>\n\t\t\t\t<section class=\"elementor-section elementor-top-section elementor-element elementor-element-56cfe992 elementor-section-boxed elementor-section-height-default elementor-section-height-default\" data-id=\"56cfe992\" data-element_type=\"section\" data-e-type=\"section\">\n\t\t\t\t\t\t\t<div class=\"elementor-background-overlay\"><\/div>\n\t\t\t\t\t\t\t<div class=\"elementor-container elementor-column-gap-no\">\n\t\t\t\t\t<div class=\"elementor-column elementor-col-100 elementor-top-column elementor-element elementor-element-5c25fd67\" data-id=\"5c25fd67\" data-element_type=\"column\" data-e-type=\"column\">\n\t\t\t<div class=\"elementor-widget-wrap elementor-element-populated\">\n\t\t\t\t\t\t<div class=\"elementor-element elementor-element-d0e7b8d animated-slow elementor-invisible elementor-widget elementor-widget-text-editor\" data-id=\"d0e7b8d\" data-element_type=\"widget\" data-e-type=\"widget\" data-settings=\"{&quot;_animation&quot;:&quot;fadeIn&quot;,&quot;_animation_delay&quot;:200}\" data-widget_type=\"text-editor.default\">\n\t\t\t\t<div class=\"elementor-widget-container\">\n\t\t\t\t\t\t\t\t\t<h3>THAT'S ME<\/h3>\t\t\t\t\t\t\t\t<\/div>\n\t\t\t\t<\/div>\n\t\t\t\t<div class=\"elementor-element elementor-element-f70d22b animated-slow elementor-invisible elementor-widget elementor-widget-text-editor\" data-id=\"f70d22b\" data-element_type=\"widget\" data-e-type=\"widget\" data-settings=\"{&quot;_animation&quot;:&quot;fadeIn&quot;,&quot;_animation_delay&quot;:200}\" data-widget_type=\"text-editor.default\">\n\t\t\t\t<div class=\"elementor-widget-container\">\n\t\t\t\t\t\t\t\t\t<p>I'm J\u00fcrgen, already 63 or just 63 years old, an enthusiastic photographer, often seized by wanderlust, and always happy when I get to experience something new on a trip. I am interested in foreign cultures and history, occasionally go on motorcycle tours and enjoy hiking, especially long distances. And my favorite thing to do in the evening is to sit at a bush boma in southern Africa, but I am also fascinated by the ancient civilizations of America and the magnificent landscapes that still exist there.<\/p>\t\t\t\t\t\t\t\t<\/div>\n\t\t\t\t<\/div>\n\t\t\t\t<div class=\"elementor-element elementor-element-eaef47f animated-slow elementor-invisible elementor-widget elementor-widget-text-editor\" data-id=\"eaef47f\" data-element_type=\"widget\" data-e-type=\"widget\" data-settings=\"{&quot;_animation&quot;:&quot;fadeIn&quot;,&quot;_animation_delay&quot;:200}\" data-widget_type=\"text-editor.default\">\n\t\t\t\t<div class=\"elementor-widget-container\">\n\t\t\t\t\t\t\t\t\t<p>\"You have to hurry if you want to see something, everything disappears\" Paul Cezanne<\/p>\t\t\t\t\t\t\t\t<\/div>\n\t\t\t\t<\/div>\n\t\t\t\t<div class=\"elementor-element elementor-element-0d1bf40 animated-slow elementor-invisible elementor-widget elementor-widget-text-editor\" data-id=\"0d1bf40\" data-element_type=\"widget\" data-e-type=\"widget\" data-settings=\"{&quot;_animation&quot;:&quot;fadeIn&quot;,&quot;_animation_delay&quot;:200}\" data-widget_type=\"text-editor.default\">\n\t\t\t\t<div class=\"elementor-widget-container\">\n\t\t\t\t\t\t\t\t\t<p>On this page, I present a selection of my photographs and hope that you can also enjoy the incredible beauty of our planet, which has fascinated me so much from an early age. In my blog, I report on special places and stories that I have experienced again and again during my travels.<\/p><p>I've just started this website and so I'll start by introducing a country that has particularly impressed me and that I always enjoy traveling to: More countries and regions will follow - just check back from time to time.\u00a0<\/p><p>Yours<\/p><p><img decoding=\"async\" class=\"alignnone size-full wp-image-4032\" src=\"https:\/\/juergenputz.com\/wp-content\/uploads\/2022\/08\/UNTERSCHRIFT-1-weiss-e1659554380464.png\" alt=\"\" width=\"300\" height=\"138\" \/><\/p>\t\t\t\t\t\t\t\t<\/div>\n\t\t\t\t<\/div>\n\t\t\t\t\t<\/div>\n\t\t<\/div>\n\t\t\t\t\t<\/div>\n\t\t<\/section>\n\t\t\t\t<section class=\"elementor-section elementor-top-section elementor-element elementor-element-29cffdc7 elementor-section-boxed elementor-section-height-default elementor-section-height-default elementor-invisible\" data-id=\"29cffdc7\" data-element_type=\"section\" data-e-type=\"section\" data-settings=\"{&quot;animation&quot;:&quot;fadeIn&quot;}\">\n\t\t\t\t\t\t<div class=\"elementor-container elementor-column-gap-extended\">\n\t\t\t\t\t<div class=\"elementor-column elementor-col-100 elementor-top-column elementor-element elementor-element-17c0c579\" data-id=\"17c0c579\" data-element_type=\"column\" data-e-type=\"column\">\n\t\t\t<div class=\"elementor-widget-wrap elementor-element-populated\">\n\t\t\t\t\t\t<div class=\"elementor-element elementor-element-8b6349a elementor-widget elementor-widget-text-editor\" data-id=\"8b6349a\" data-element_type=\"widget\" data-e-type=\"widget\" data-widget_type=\"text-editor.default\">\n\t\t\t\t<div class=\"elementor-widget-container\">\n\t\t\t\t\t\t\t\t\t<h3>INSPIRATIONS<\/h3>\t\t\t\t\t\t\t\t<\/div>\n\t\t\t\t<\/div>\n\t\t\t\t\t<\/div>\n\t\t<\/div>\n\t\t\t\t\t<\/div>\n\t\t<\/section>\n\t\t\t\t<section class=\"elementor-section elementor-top-section elementor-element elementor-element-7554f914 elementor-section-boxed elementor-section-height-default elementor-section-height-default\" data-id=\"7554f914\" data-element_type=\"section\" data-e-type=\"section\" data-settings=\"{&quot;background_background&quot;:&quot;classic&quot;}\">\n\t\t\t\t\t\t<div class=\"elementor-container elementor-column-gap-wider\">\n\t\t\t\t\t<div class=\"elementor-column elementor-col-25 elementor-top-column elementor-element elementor-element-3509a084\" data-id=\"3509a084\" data-element_type=\"column\" data-e-type=\"column\">\n\t\t\t<div class=\"elementor-widget-wrap elementor-element-populated\">\n\t\t\t\t\t\t<div class=\"elementor-element elementor-element-6490414a service-box-view-default elementor-widget elementor-widget-service-box\" data-id=\"6490414a\" data-element_type=\"widget\" data-e-type=\"widget\" data-settings=\"{&quot;_animation&quot;:&quot;none&quot;,&quot;_animation_delay&quot;:0}\" data-widget_type=\"service-box.default\">\n\t\t\t\t<div class=\"elementor-widget-container\">\n\t\t\t\t\t<div class=\"service-column none service-column-1 service-boxes-icon-with-title true alignicon-top alignicon-top-horizontal serviceboxes-horizontal clearfix\"> <div class=\"service-item none service-item-space\"><div class=\"service-item-inner service-icon-size-small\"><div class=\"service-icon\"><span class=\"icon-outer\"><i class=\"fontawesome in-circle  ion-ios-world\"><\/i><\/span><\/div><div class=\"service-content\"><h4><a  target=\"_blank\" href=\"http:\/\/travelemotions.es\" >Organization of individual trips<\/a><\/h4><div class=\"service-details\"><p> Let our partner \"Trravelemotions\" organize a trip according to your wishes! <\/p>\n<a class=\"theme-btn-link\" href=\"http:\/\/travelemotions.es\"><div class=\"theme-btn theme-btn-outline-primary theme-hover-arrow\">more information...<\/div><\/a><\/div><\/div><\/div><\/div> <\/div>\t\t\t\t<\/div>\n\t\t\t\t<\/div>\n\t\t\t\t\t<\/div>\n\t\t<\/div>\n\t\t\t\t<div class=\"elementor-column elementor-col-25 elementor-top-column elementor-element elementor-element-4d946f38\" data-id=\"4d946f38\" data-element_type=\"column\" data-e-type=\"column\">\n\t\t\t<div class=\"elementor-widget-wrap elementor-element-populated\">\n\t\t\t\t\t\t<div class=\"elementor-element elementor-element-4200dfd0 service-box-view-default elementor-widget elementor-widget-service-box\" data-id=\"4200dfd0\" data-element_type=\"widget\" data-e-type=\"widget\" data-settings=\"{&quot;_animation&quot;:&quot;none&quot;,&quot;_animation_delay&quot;:100}\" data-widget_type=\"service-box.default\">\n\t\t\t\t<div class=\"elementor-widget-container\">\n\t\t\t\t\t<div class=\"service-column none service-column-1 service-boxes-icon-with-title true alignicon-top alignicon-top-horizontal serviceboxes-horizontal clearfix\"> <div class=\"service-item none service-item-space\"><div class=\"service-item-inner service-icon-size-small\"><div class=\"service-icon\"><span class=\"icon-outer\"><i class=\"fontawesome in-circle  fa fa-camera-retro\"><\/i><\/span><\/div><div class=\"service-content\"><h4><a  href=\"https:\/\/juergenputz.com\/en\/contact\/\" > Photo safaris and workshops<\/a><\/h4><div class=\"service-details\"><p> Join me on a photo safari or a workshop! <\/p>\n<a class=\"theme-btn-link\" href=\"https:\/\/juergenputz.com\/en\/contact\/\"><div class=\"theme-btn theme-btn-outline-primary theme-hover-arrow\">Write to me...<\/div><\/a><\/div><\/div><\/div><\/div> <\/div>\t\t\t\t<\/div>\n\t\t\t\t<\/div>\n\t\t\t\t\t<\/div>\n\t\t<\/div>\n\t\t\t\t<div class=\"elementor-column elementor-col-25 elementor-top-column elementor-element elementor-element-20a9581d\" data-id=\"20a9581d\" data-element_type=\"column\" data-e-type=\"column\">\n\t\t\t<div class=\"elementor-widget-wrap elementor-element-populated\">\n\t\t\t\t\t\t<div class=\"elementor-element elementor-element-62a1c service-box-view-default elementor-widget elementor-widget-service-box\" data-id=\"62a1c\" data-element_type=\"widget\" data-e-type=\"widget\" data-settings=\"{&quot;_animation&quot;:&quot;none&quot;,&quot;_animation_delay&quot;:200}\" data-widget_type=\"service-box.default\">\n\t\t\t\t<div class=\"elementor-widget-container\">\n\t\t\t\t\t<div class=\"service-column none service-column-1 service-boxes-icon-with-title true alignicon-top alignicon-top-horizontal serviceboxes-horizontal clearfix\"> <div class=\"service-item none service-item-space\"><div class=\"service-item-inner service-icon-size-small\"><div class=\"service-icon\"><span class=\"icon-outer\"><i class=\"fontawesome in-circle  ion-ios-book\"><\/i><\/span><\/div><div class=\"service-content\"><h4><a  href=\"https:\/\/juergenputz.com\/en\/contact\/\" >Books<\/a><\/h4><div class=\"service-details\"><p> Find your inspiration in my favorite books! <\/p>\n<a class=\"theme-btn-link\" href=\"https:\/\/juergenputz.com\/en\/contact\/\"><div class=\"theme-btn theme-btn-outline-primary theme-hover-arrow\">Write to me...<\/div><\/a><\/div><\/div><\/div><\/div> <\/div>\t\t\t\t<\/div>\n\t\t\t\t<\/div>\n\t\t\t\t\t<\/div>\n\t\t<\/div>\n\t\t\t\t<div class=\"elementor-column elementor-col-25 elementor-top-column elementor-element elementor-element-5f21aa0\" data-id=\"5f21aa0\" data-element_type=\"column\" data-e-type=\"column\">\n\t\t\t<div class=\"elementor-widget-wrap elementor-element-populated\">\n\t\t\t\t\t\t<div class=\"elementor-element elementor-element-2afb172 service-box-view-default elementor-widget elementor-widget-service-box\" data-id=\"2afb172\" data-element_type=\"widget\" data-e-type=\"widget\" data-settings=\"{&quot;_animation&quot;:&quot;none&quot;,&quot;_animation_delay&quot;:200}\" data-widget_type=\"service-box.default\">\n\t\t\t\t<div class=\"elementor-widget-container\">\n\t\t\t\t\t<div class=\"service-column none service-column-1 service-boxes-icon-with-title true alignicon-top alignicon-top-horizontal serviceboxes-horizontal clearfix\"> <div class=\"service-item none service-item-space\"><div class=\"service-item-inner service-icon-size-small\"><div class=\"service-icon\"><span class=\"icon-outer\"><i class=\"fontawesome in-circle  fa fa-shopping-cart\"><\/i><\/span><\/div><div class=\"service-content\"><h4><a  href=\"https:\/\/juergenputz.com\/en\/contact\/\" >Photographs, calendars and prints<\/a><\/h4><div class=\"service-details\"><p> Embellish your surroundings with a photograph of your choice! <\/p>\n<a class=\"theme-btn-link\" href=\"https:\/\/juergenputz.com\/en\/contact\/\"><div class=\"theme-btn theme-btn-outline-primary theme-hover-arrow\">Write to me...<\/div><\/a><\/div><\/div><\/div><\/div> <\/div>\t\t\t\t<\/div>\n\t\t\t\t<\/div>\n\t\t\t\t\t<\/div>\n\t\t<\/div>\n\t\t\t\t\t<\/div>\n\t\t<\/section>\n\t\t\t\t<\/div>","protected":false},"excerpt":{"rendered":"<p>DAS BIN ICH Ich bin J\u00fcrgen, schon oder auch erst 63 Jahre alt, begeisterter Fotograf, oft vom Fernweh gepackt, und immer gl\u00fccklich, wenn ich auf einer Reise etwas Neues erfahren darf. Ich interessiere mich f\u00fcr fremde Kulturen, Geschichte, unternehme ab und zu Touren mit dem Motorrad und wandere sehr gerne, vor allem auch l\u00e4ngere Wege. Und am liebsten sitze ich abends an einem Bush Boma im S\u00fcden Afrikas, bin aber auch fasziniert von den alten Hochkulturen Amerikas und den grandiosen [&hellip;]<\/p>\n","protected":false},"author":1,"featured_media":0,"parent":0,"menu_order":0,"comment_status":"closed","ping_status":"closed","template":"","meta":{"footnotes":""},"class_list":["post-53","page","type-page","status-publish","hentry"],"_links":{"self":[{"href":"https:\/\/juergenputz.com\/en\/wp-json\/wp\/v2\/pages\/53","targetHints":{"allow":["GET"]}}],"collection":[{"href":"https:\/\/juergenputz.com\/en\/wp-json\/wp\/v2\/pages"}],"about":[{"href":"https:\/\/juergenputz.com\/en\/wp-json\/wp\/v2\/types\/page"}],"author":[{"embeddable":true,"href":"https:\/\/juergenputz.com\/en\/wp-json\/wp\/v2\/users\/1"}],"replies":[{"embeddable":true,"href":"https:\/\/juergenputz.com\/en\/wp-json\/wp\/v2\/comments?post=53"}],"version-history":[{"count":192,"href":"https:\/\/juergenputz.com\/en\/wp-json\/wp\/v2\/pages\/53\/revisions"}],"predecessor-version":[{"id":5963,"href":"https:\/\/juergenputz.com\/en\/wp-json\/wp\/v2\/pages\/53\/revisions\/5963"}],"wp:attachment":[{"href":"https:\/\/juergenputz.com\/en\/wp-json\/wp\/v2\/media?parent=53"}],"curies":[{"name":"wp","href":"https:\/\/api.w.org\/{rel}","templated":true}]}}