{"id":1316,"date":"2018-09-16T06:09:57","date_gmt":"2018-09-16T06:09:57","guid":{"rendered":"http:\/\/192.168.1.3\/wp\/kordex\/?page_id=1316"},"modified":"2025-05-01T22:41:04","modified_gmt":"2025-05-01T20:41:04","slug":"blog-sidebar","status":"publish","type":"page","link":"https:\/\/juergenputz.com\/en\/blog-sidebar\/","title":{"rendered":"Blog sidebar"},"content":{"rendered":"<div data-elementor-type=\"wp-post\" data-elementor-id=\"1316\" class=\"elementor elementor-1316\">\n\t\t\t\t\t\t<section class=\"jarallax lazyload elementor-section elementor-top-section elementor-element elementor-element-e41cbe2 elementor-section-full_width elementor-section-height-default elementor-section-height-default\" data-jarallax=\"\" data-speed=\"0.75\" data-type=\"scroll\" data-parallax=\"scroll\" style=\"background-image:url(&quot;https:\/\/juergenputz.com\/wp-content\/uploads\/2022\/08\/Namib_Reifen.jpg&quot;);\" data-image-src=\"https:\/\/juergenputz.com\/wp-content\/uploads\/2022\/08\/Namib_Reifen.jpg\" data-id=\"e41cbe2\" data-element_type=\"section\" data-e-type=\"section\" data-settings=\"{&quot;background_background&quot;:&quot;classic&quot;}\">\n\t\t\t\t\t\t\t<div class=\"elementor-background-overlay\"><\/div>\n\t\t\t\t\t\t\t<div class=\"elementor-container elementor-column-gap-default\">\n\t\t\t\t\t<div class=\"elementor-column elementor-col-100 elementor-top-column elementor-element elementor-element-8dd054d\" data-id=\"8dd054d\" data-element_type=\"column\" data-e-type=\"column\">\n\t\t\t<div class=\"elementor-widget-wrap elementor-element-populated\">\n\t\t\t\t\t\t<div class=\"elementor-element elementor-element-cd482e8 section-align-center section-size-large subtitle-style-default elementor-widget elementor-widget-section-heading\" data-id=\"cd482e8\" data-element_type=\"widget\" data-e-type=\"widget\" data-widget_type=\"section-heading.default\">\n\t\t\t\t<div class=\"elementor-widget-container\">\n\t\t\t\t\t<div class=\"section-heading headingstyle-subtitle\"><div class=\"section-title-wrapper\"><h2 class=\"entry-title section-title\">Travel stories<\/h2><\/div><div class=\"section-description clearfix\"><div class=\"section-description-inner\"><p>\"Like all great travelers, I have seen more than I remember, and I remember more than I have seen.\" Benjamin Disraeli<\/p><\/p>\n<\/div><\/div><\/div>\t\t\t\t<\/div>\n\t\t\t\t<\/div>\n\t\t\t\t\t<\/div>\n\t\t<\/div>\n\t\t\t\t\t<\/div>\n\t\t<\/section>\n\t\t\t\t<section class=\"elementor-section elementor-top-section elementor-element elementor-element-30e30e0 elementor-section-boxed elementor-section-height-default elementor-section-height-default\" data-id=\"30e30e0\" data-element_type=\"section\" data-e-type=\"section\" data-settings=\"{&quot;background_background&quot;:&quot;classic&quot;}\">\n\t\t\t\t\t\t\t<div class=\"elementor-background-overlay\"><\/div>\n\t\t\t\t\t\t\t<div class=\"elementor-container elementor-column-gap-custom\">\n\t\t\t\t\t<div class=\"elementor-column elementor-col-100 elementor-top-column elementor-element elementor-element-058e4a7\" data-id=\"058e4a7\" data-element_type=\"column\" data-e-type=\"column\">\n\t\t\t<div class=\"elementor-widget-wrap elementor-element-populated\">\n\t\t\t\t\t\t<div class=\"elementor-element elementor-element-27c1697 elementor-widget elementor-widget-text-editor\" data-id=\"27c1697\" data-element_type=\"widget\" data-e-type=\"widget\" data-widget_type=\"text-editor.default\">\n\t\t\t\t<div class=\"elementor-widget-container\">\n\t\t\t\t\t\t\t\t\t<h3><strong>\u00a0- Latest travel stories -\u00a0<\/strong><\/h3>\t\t\t\t\t\t\t\t<\/div>\n\t\t\t\t<\/div>\n\t\t\t\t\t<\/div>\n\t\t<\/div>\n\t\t\t\t\t<\/div>\n\t\t<\/section>\n\t\t\t\t<section class=\"elementor-section elementor-top-section elementor-element elementor-element-6821ec8 elementor-section-boxed elementor-section-height-default elementor-section-height-default\" data-id=\"6821ec8\" data-element_type=\"section\" data-e-type=\"section\" data-settings=\"{&quot;background_background&quot;:&quot;classic&quot;}\">\n\t\t\t\t\t\t\t<div class=\"elementor-background-overlay\"><\/div>\n\t\t\t\t\t\t\t<div class=\"elementor-container elementor-column-gap-custom\">\n\t\t\t\t\t<div class=\"elementor-column elementor-col-50 elementor-top-column elementor-element elementor-element-39438e0\" data-id=\"39438e0\" data-element_type=\"column\" data-e-type=\"column\" data-settings=\"{&quot;background_background&quot;:&quot;classic&quot;}\">\n\t\t\t<div class=\"elementor-widget-wrap elementor-element-populated\">\n\t\t\t\t\t\t<div class=\"elementor-element elementor-element-d502cc9 elementor-widget elementor-widget-blog-grid\" data-id=\"d502cc9\" data-element_type=\"widget\" data-e-type=\"widget\" data-widget_type=\"blog-grid.default\">\n\t\t\t\t<div class=\"elementor-widget-container\">\n\t\t\t\t\t<div class=\"portfolio-grid-container portfolio-gridblock-columns-wrap grid-has-blog\"><div id=\"gridblock-container\" class=\"portfolio-gutter-spaced    has-effect-zoom grid-style-classic gridblock-three clearfix\" data-columns=\"3\"><div class=\"gridblock-element grid-animate-display-all isotope-displayed gridblock-element-id-5542 gridblock-element-order-1  gridblock-filterable\" data-portfolio=\"portfolio-5542\" data-id=\"id-2\"><div class=\"gridblock-grid-element gridblock-element-inner\" data-portfolioid=\"5542\"><div class=\"gridblock-background-hover\"><a class=\"gridblock-sole-link\" href=\"https:\/\/juergenputz.com\/en\/a-journey-to-the-south-of-albania-2\/\"><div class=\"gridblock-links-wrap box-title-\"><span class=\"column-gridblock-icon\"><span class=\"hover-icon-effect\"><i class=\"ion-ios-plus-empty\"><\/i><\/span><\/span><\/div><\/a><\/div><img decoding=\"async\" src=\"https:\/\/juergenputz.com\/wp-content\/themes\/blacksilver\/images\/placeholders\/placeholder-770x550.gif\" data-src=\"https:\/\/juergenputz.com\/wp-content\/uploads\/2025\/05\/Kirche-Saint-Joseph-770x550.jpg\" alt=\"\" class=\"displayed-image lazyload\"\/><\/div><div class=\"summary-info\"><div class=\"summary-date\"><i class=\"feather-icon-clock\"><\/i> April 26, 2025<\/div><div class=\"summary-comment\"><a href=\"https:\/\/juergenputz.com\/en\/a-journey-to-the-south-of-albania-2\/#comments\">2 <i class=\"feather-icon-speech-bubble\"><\/i><\/a><\/div><\/div><div class=\"work-details\"><div class=\"worktype-categories\">France , Le Havre , City breaks<\/div><h4><a href=\"https:\/\/juergenputz.com\/en\/a-journey-to-the-south-of-albania-2\/\">Le Havre - light, air and space on the English Channel<\/a><\/h4><p class=\"entry-content work-description\">Le Havre - light, air and space on the English Channel The French city of Le Havre is located directly at the mouth of the Seine on the English Channel. With...<\/p><a class=\"theme-btn-link\" href=\"https:\/\/juergenputz.com\/en\/a-journey-to-the-south-of-albania-2\/\"><div class=\"theme-btn theme-btn-outline-primary theme-hover-arrow\">Continue Reading<\/div><\/a><\/div><\/div><div class=\"gridblock-element grid-animate-display-all isotope-displayed gridblock-element-id-5517 gridblock-element-order-2  gridblock-filterable\" data-portfolio=\"portfolio-5517\" data-id=\"id-3\"><div class=\"gridblock-grid-element gridblock-element-inner\" data-portfolioid=\"5517\"><div class=\"gridblock-background-hover\"><a class=\"gridblock-sole-link\" href=\"https:\/\/juergenputz.com\/en\/a-journey-to-the-south-of-albania\/\"><div class=\"gridblock-links-wrap box-title-\"><span class=\"column-gridblock-icon\"><span class=\"hover-icon-effect\"><i class=\"ion-ios-plus-empty\"><\/i><\/span><\/span><\/div><\/a><\/div><img decoding=\"async\" src=\"https:\/\/juergenputz.com\/wp-content\/themes\/blacksilver\/images\/placeholders\/placeholder-770x550.gif\" data-src=\"https:\/\/juergenputz.com\/wp-content\/uploads\/2024\/11\/ALB_Goranxi-Tekke_007-770x550.jpg\" alt=\"\" class=\"displayed-image lazyload\"\/><\/div><div class=\"summary-info\"><div class=\"summary-date\"><i class=\"feather-icon-clock\"><\/i> November 13, 2024<\/div><div class=\"summary-comment\"><a href=\"https:\/\/juergenputz.com\/en\/a-journey-to-the-south-of-albania\/#comments\">1 <i class=\"feather-icon-speech-bubble\"><\/i><\/a><\/div><\/div><div class=\"work-details\"><div class=\"worktype-categories\">Albania , Road trip<\/div><h4><a href=\"https:\/\/juergenputz.com\/en\/a-journey-to-the-south-of-albania\/\">Albania - a journey through a country on its way to Europe<\/a><\/h4><p class=\"entry-content work-description\">Albania - a journey through a country on its way to Europe With the end of the communist dictatorship in June 1991, the...<\/p><a class=\"theme-btn-link\" href=\"https:\/\/juergenputz.com\/en\/a-journey-to-the-south-of-albania\/\"><div class=\"theme-btn theme-btn-outline-primary theme-hover-arrow\">Continue Reading<\/div><\/a><\/div><\/div><div class=\"gridblock-element grid-animate-display-all isotope-displayed gridblock-element-id-4925 gridblock-element-order-3  gridblock-filterable\" data-portfolio=\"portfolio-4925\" data-id=\"id-4\"><div class=\"gridblock-grid-element gridblock-element-inner\" data-portfolioid=\"4925\"><div class=\"gridblock-background-hover\"><a class=\"gridblock-sole-link\" href=\"https:\/\/juergenputz.com\/en\/the-corfu-trail\/\"><div class=\"gridblock-links-wrap box-title-\"><span class=\"column-gridblock-icon\"><span class=\"hover-icon-effect\"><i class=\"ion-ios-plus-empty\"><\/i><\/span><\/span><\/div><\/a><\/div><img decoding=\"async\" src=\"https:\/\/juergenputz.com\/wp-content\/themes\/blacksilver\/images\/placeholders\/placeholder-770x550.gif\" data-src=\"https:\/\/juergenputz.com\/wp-content\/uploads\/2024\/08\/Ausblick-auf-Albanien-770x550.jpg\" alt=\"\" class=\"displayed-image lazyload\"\/><\/div><div class=\"summary-info\"><div class=\"summary-date\"><i class=\"feather-icon-clock\"><\/i> July 30, 2024<\/div><div class=\"summary-comment\"><a href=\"https:\/\/juergenputz.com\/en\/the-corfu-trail\/#comments\">2 <i class=\"feather-icon-speech-bubble\"><\/i><\/a><\/div><\/div><div class=\"work-details\"><div class=\"worktype-categories\">Hikes<\/div><h4><a href=\"https:\/\/juergenputz.com\/en\/the-corfu-trail\/\">The Corfu Trail<\/a><\/h4><p class=\"entry-content work-description\">Kerkyra is the modern Greek name for Corfu, the northernmost of the Ionian Islands. It lies at the entrance to the Adriatic Sea between the boot heel of the Italian peninsula...<\/p><a class=\"theme-btn-link\" href=\"https:\/\/juergenputz.com\/en\/the-corfu-trail\/\"><div class=\"theme-btn theme-btn-outline-primary theme-hover-arrow\">Continue Reading<\/div><\/a><\/div><\/div><div class=\"gridblock-element grid-animate-display-all isotope-displayed gridblock-element-id-3715 gridblock-element-order-4  gridblock-filterable\" data-portfolio=\"portfolio-3715\" data-id=\"id-5\"><div class=\"gridblock-grid-element gridblock-element-inner\" data-portfolioid=\"3715\"><div class=\"gridblock-background-hover\"><a class=\"gridblock-sole-link\" href=\"https:\/\/juergenputz.com\/en\/kolmanskuppe-and-the-diamond-fever\/\"><div class=\"gridblock-links-wrap box-title-\"><span class=\"column-gridblock-icon\"><span class=\"hover-icon-effect\"><i class=\"ion-ios-plus-empty\"><\/i><\/span><\/span><\/div><\/a><\/div><img decoding=\"async\" src=\"https:\/\/juergenputz.com\/wp-content\/themes\/blacksilver\/images\/placeholders\/placeholder-770x550.gif\" data-src=\"https:\/\/juergenputz.com\/wp-content\/uploads\/2022\/07\/Kolmannskuppe_Bahnhofsschild-770x550.jpg\" alt=\"\" class=\"displayed-image lazyload\"\/><\/div><div class=\"summary-info\"><div class=\"summary-date\"><i class=\"feather-icon-clock\"><\/i> July 26, 2022<\/div><div class=\"summary-comment\"><a href=\"https:\/\/juergenputz.com\/en\/kolmanskuppe-and-the-diamond-fever\/#respond\">0 <i class=\"feather-icon-speech-bubble\"><\/i><\/a><\/div><\/div><div class=\"work-details\"><div class=\"worktype-categories\">Namibia<\/div><h4><a href=\"https:\/\/juergenputz.com\/en\/kolmanskuppe-and-the-diamond-fever\/\">Kolmannskuppe and the diamond fever<\/a><\/h4><p class=\"entry-content work-description\">In April 1908, the Namibian railroad worker Zacharias Levala discovered some wonderful views on the newly completed railroad line between L\u00fcderitz and Keetmanshoop near the \"Grasplatz\"...<\/p><a class=\"theme-btn-link\" href=\"https:\/\/juergenputz.com\/en\/kolmanskuppe-and-the-diamond-fever\/\"><div class=\"theme-btn theme-btn-outline-primary theme-hover-arrow\">Continue Reading<\/div><\/a><\/div><\/div><div class=\"gridblock-element grid-animate-display-all isotope-displayed gridblock-element-id-3645 gridblock-element-order-5  gridblock-filterable\" data-portfolio=\"portfolio-3645\" data-id=\"id-6\"><div class=\"gridblock-grid-element gridblock-element-inner\" data-portfolioid=\"3645\"><div class=\"gridblock-background-hover\"><a class=\"gridblock-sole-link\" href=\"https:\/\/juergenputz.com\/en\/louis-botha-and-the-wild-horses\/\"><div class=\"gridblock-links-wrap box-title-\"><span class=\"column-gridblock-icon\"><span class=\"hover-icon-effect\"><i class=\"ion-ios-plus-empty\"><\/i><\/span><\/span><\/div><\/a><\/div><img decoding=\"async\" src=\"https:\/\/juergenputz.com\/wp-content\/themes\/blacksilver\/images\/placeholders\/placeholder-770x550.gif\" data-src=\"https:\/\/juergenputz.com\/wp-content\/uploads\/2022\/07\/Wildpferd-in-der-Namib-770x550.jpg\" alt=\"\" class=\"displayed-image lazyload\"\/><\/div><div class=\"summary-info\"><div class=\"summary-date\"><i class=\"feather-icon-clock\"><\/i> July 19, 2022<\/div><div class=\"summary-comment\"><a href=\"https:\/\/juergenputz.com\/en\/louis-botha-and-the-wild-horses\/#respond\">0 <i class=\"feather-icon-speech-bubble\"><\/i><\/a><\/div><\/div><div class=\"work-details\"><div class=\"worktype-categories\">Namibia<\/div><h4><a href=\"https:\/\/juergenputz.com\/en\/louis-botha-and-the-wild-horses\/\">Louis Botha and the wild horses<\/a><\/h4><p class=\"entry-content work-description\">Wild horses in Africa? The Berbers, the jewels of North Africa, probably spring to mind here. This breed of horse was introduced early on by the...<\/p><a class=\"theme-btn-link\" href=\"https:\/\/juergenputz.com\/en\/louis-botha-and-the-wild-horses\/\"><div class=\"theme-btn theme-btn-outline-primary theme-hover-arrow\">Continue Reading<\/div><\/a><\/div><\/div><div class=\"gridblock-element grid-animate-display-all isotope-displayed gridblock-element-id-1 gridblock-element-order-6  gridblock-filterable\" data-portfolio=\"portfolio-1\" data-id=\"id-7\"><div class=\"gridblock-grid-element gridblock-element-inner\" data-portfolioid=\"1\"><div class=\"gridblock-background-hover\"><a class=\"gridblock-sole-link\" href=\"https:\/\/juergenputz.com\/en\/blog-namibia-solitaire\/\"><div class=\"gridblock-links-wrap box-title-\"><span class=\"column-gridblock-icon\"><span class=\"hover-icon-effect\"><i class=\"ion-ios-plus-empty\"><\/i><\/span><\/span><\/div><\/a><\/div><img decoding=\"async\" src=\"https:\/\/juergenputz.com\/wp-content\/themes\/blacksilver\/images\/placeholders\/placeholder-770x550.gif\" data-src=\"https:\/\/juergenputz.com\/wp-content\/uploads\/2022\/05\/Solitaire-Eingang-770x550.jpg\" alt=\"\" class=\"displayed-image lazyload\"\/><\/div><div class=\"summary-info\"><div class=\"summary-date\"><i class=\"feather-icon-clock\"><\/i> May 25, 2022<\/div><div class=\"summary-comment\"><a href=\"https:\/\/juergenputz.com\/en\/blog-namibia-solitaire\/#comments\">1 <i class=\"feather-icon-speech-bubble\"><\/i><\/a><\/div><\/div><div class=\"work-details\"><div class=\"worktype-categories\">Namibia<\/div><h4><a href=\"https:\/\/juergenputz.com\/en\/blog-namibia-solitaire\/\">Solitaire - Car wrecks and apple pie<\/a><\/h4><p class=\"entry-content work-description\">The small settlement of \"Solitaire\" is a real hotspot for many tourists, as it is home to the only petrol station between the coasts of Walvis Bay...<\/p><a class=\"theme-btn-link\" href=\"https:\/\/juergenputz.com\/en\/blog-namibia-solitaire\/\"><div class=\"theme-btn theme-btn-outline-primary theme-hover-arrow\">Continue Reading<\/div><\/a><\/div><\/div><\/div><\/div>\t\t\t\t<\/div>\n\t\t\t\t<\/div>\n\t\t\t\t\t<\/div>\n\t\t<\/div>\n\t\t\t\t<div class=\"elementor-column elementor-col-50 elementor-top-column elementor-element elementor-element-a176fb2\" data-id=\"a176fb2\" data-element_type=\"column\" data-e-type=\"column\">\n\t\t\t<div class=\"elementor-widget-wrap elementor-element-populated\">\n\t\t\t\t\t\t<div class=\"elementor-element elementor-element-5603786 elementor-widget__width-initial elementor-widget elementor-widget-sidebar\" data-id=\"5603786\" data-element_type=\"widget\" data-e-type=\"widget\" data-widget_type=\"sidebar.default\">\n\t\t\t\t<div class=\"elementor-widget-container\">\n\t\t\t\t\t<div class=\"sidebar-widget\"><aside id=\"search-2\" class=\"widget widget_search\"><form method=\"get\" id=\"searchform\" action=\"https:\/\/juergenputz.com\/en\/\" data-trp-original-action=\"https:\/\/juergenputz.com\/en\/\">\n<input placeholder=\"\" type=\"text\" value=\"\" name=\"s\" id=\"s\" class=\"right\" \/>\n<button class=\"ntips\" id=\"searchbutton\" title=\"Search\" type=\"submit\"><i class=\"fa fa-search\"><\/i><\/button>\n<input type=\"hidden\" name=\"trp-form-language\" value=\"en\"\/><\/form>\n<\/aside><\/div><div class=\"sidebar-widget\"><aside id=\"media_image-2\" class=\"widget widget_media_image\"><h3>Who writes here?<\/h3><img fetchpriority=\"high\" decoding=\"async\" width=\"300\" height=\"169\" src=\"https:\/\/juergenputz.com\/wp-content\/uploads\/2024\/08\/Kamm-des-westlichen-Kuestengebirges-300x169.jpg\" class=\"image wp-image-4959  attachment-medium size-medium\" alt=\"\" style=\"max-width: 100%; height: auto;\" srcset=\"https:\/\/juergenputz.com\/wp-content\/uploads\/2024\/08\/Kamm-des-westlichen-Kuestengebirges-300x169.jpg 300w, https:\/\/juergenputz.com\/wp-content\/uploads\/2024\/08\/Kamm-des-westlichen-Kuestengebirges-1024x576.jpg 1024w, https:\/\/juergenputz.com\/wp-content\/uploads\/2024\/08\/Kamm-des-westlichen-Kuestengebirges-768x432.jpg 768w, https:\/\/juergenputz.com\/wp-content\/uploads\/2024\/08\/Kamm-des-westlichen-Kuestengebirges-800x450.jpg 800w, https:\/\/juergenputz.com\/wp-content\/uploads\/2024\/08\/Kamm-des-westlichen-Kuestengebirges-600x338.jpg 600w, https:\/\/juergenputz.com\/wp-content\/uploads\/2024\/08\/Kamm-des-westlichen-Kuestengebirges.jpg 1400w\" sizes=\"(max-width: 300px) 100vw, 300px\" \/><\/aside><\/div>\n\t\t<div class=\"sidebar-widget\"><aside id=\"recent-posts-3\" class=\"widget widget_recent_entries\">\n\t\t<h3>Recent Posts<\/h3>\n\t\t<ul>\n\t\t\t\t\t\t\t\t\t\t\t<li>\n\t\t\t\t\t<a href=\"https:\/\/juergenputz.com\/en\/a-journey-to-the-south-of-albania-2\/\">Le Havre - light, air and space on the English Channel<\/a>\n\t\t\t\t\t\t\t\t\t<\/li>\n\t\t\t\t\t\t\t\t\t\t\t<li>\n\t\t\t\t\t<a href=\"https:\/\/juergenputz.com\/en\/a-journey-to-the-south-of-albania\/\">Albania - a journey through a country on its way to Europe<\/a>\n\t\t\t\t\t\t\t\t\t<\/li>\n\t\t\t\t\t\t\t\t\t\t\t<li>\n\t\t\t\t\t<a href=\"https:\/\/juergenputz.com\/en\/the-corfu-trail\/\">The Corfu Trail<\/a>\n\t\t\t\t\t\t\t\t\t<\/li>\n\t\t\t\t\t\t\t\t\t\t\t<li>\n\t\t\t\t\t<a href=\"https:\/\/juergenputz.com\/en\/kolmanskuppe-and-the-diamond-fever\/\">Kolmannskuppe and the diamond fever<\/a>\n\t\t\t\t\t\t\t\t\t<\/li>\n\t\t\t\t\t\t\t\t\t\t\t<li>\n\t\t\t\t\t<a href=\"https:\/\/juergenputz.com\/en\/louis-botha-and-the-wild-horses\/\">Louis Botha and the wild horses<\/a>\n\t\t\t\t\t\t\t\t\t<\/li>\n\t\t\t\t\t<\/ul>\n\n\t\t<\/aside><\/div><div class=\"sidebar-widget\"><aside id=\"categories-3\" class=\"widget widget_categories\"><h3>Categories<\/h3>\n\t\t\t<ul>\n\t\t\t\t\t<li class=\"cat-item cat-item-79\"><a href=\"https:\/\/juergenputz.com\/en\/category\/travelogues\/albania\/\">Albania<\/a>\n<\/li>\n\t<li class=\"cat-item cat-item-73\"><a href=\"https:\/\/juergenputz.com\/en\/category\/travelogues\/france\/\">France<\/a>\n<\/li>\n\t<li class=\"cat-item cat-item-74\"><a href=\"https:\/\/juergenputz.com\/en\/category\/travelogues\/france\/le-havre\/\">Le Havre<\/a>\n<\/li>\n\t<li class=\"cat-item cat-item-62\"><a href=\"https:\/\/juergenputz.com\/en\/category\/namibia\/\">Namibia<\/a>\n<\/li>\n\t<li class=\"cat-item cat-item-80\"><a href=\"https:\/\/juergenputz.com\/en\/category\/travelogues\/road-trip\/\">Road trip<\/a>\n<\/li>\n\t<li class=\"cat-item cat-item-75\"><a href=\"https:\/\/juergenputz.com\/en\/category\/travelogues\/staedtereisen\/\">City trips<\/a>\n<\/li>\n\t<li class=\"cat-item cat-item-70\"><a href=\"https:\/\/juergenputz.com\/en\/category\/hikes\/\">Hikes<\/a>\n<\/li>\n\t\t\t<\/ul>\n\n\t\t\t<\/aside><\/div><div class=\"sidebar-widget\"><aside id=\"archives-2\" class=\"widget widget_archive\"><h3>Archives<\/h3>\n\t\t\t<ul>\n\t\t\t\t\t<li><a href='https:\/\/juergenputz.com\/en\/2025\/04\/'>April 2025<\/a><\/li>\n\t<li><a href='https:\/\/juergenputz.com\/en\/2024\/11\/'>November 2024<\/a><\/li>\n\t<li><a href='https:\/\/juergenputz.com\/en\/2024\/07\/'>July 2024<\/a><\/li>\n\t<li><a href='https:\/\/juergenputz.com\/en\/2022\/07\/'>July 2022<\/a><\/li>\n\t<li><a href='https:\/\/juergenputz.com\/en\/2022\/05\/'>May 2022<\/a><\/li>\n\t\t\t<\/ul>\n\n\t\t\t<\/aside><\/div>\t\t\t\t<\/div>\n\t\t\t\t<\/div>\n\t\t\t\t\t<\/div>\n\t\t<\/div>\n\t\t\t\t\t<\/div>\n\t\t<\/section>\n\t\t\t\t<\/div>","protected":false},"excerpt":{"rendered":"<p>Reisegeschichten &#8222;Wie alle gro\u00dfen Reisenden habe ich mehr gesehen, als ich erinnere, und ich erinnere mich an mehr, als ich gesehen habe.&#8220; Benjamin Disraeli \u00a0&#8211; Neueste Reisegeschichten &#8211;\u00a0 26. April 20250 Frankreich , Le Havre , St\u00e4dtereisen Le Havre &#8211; Licht, Luft und Weite am \u00c4rmelkanal Le Havre &#8211; Licht, Luft und Weite am \u00c4rmelkanal Die franz\u00f6sische Stadt Le Havre liegt unmittelbar an der M\u00fcndung der Seine am \u00c4rmelkanal. Mit&#8230; Continue Reading 13. November 20241 Albanien , Road trip Eine [&hellip;]<\/p>\n","protected":false},"author":1,"featured_media":0,"parent":0,"menu_order":0,"comment_status":"closed","ping_status":"closed","template":"","meta":{"footnotes":""},"class_list":["post-1316","page","type-page","status-publish","hentry"],"_links":{"self":[{"href":"https:\/\/juergenputz.com\/en\/wp-json\/wp\/v2\/pages\/1316","targetHints":{"allow":["GET"]}}],"collection":[{"href":"https:\/\/juergenputz.com\/en\/wp-json\/wp\/v2\/pages"}],"about":[{"href":"https:\/\/juergenputz.com\/en\/wp-json\/wp\/v2\/types\/page"}],"author":[{"embeddable":true,"href":"https:\/\/juergenputz.com\/en\/wp-json\/wp\/v2\/users\/1"}],"replies":[{"embeddable":true,"href":"https:\/\/juergenputz.com\/en\/wp-json\/wp\/v2\/comments?post=1316"}],"version-history":[{"count":259,"href":"https:\/\/juergenputz.com\/en\/wp-json\/wp\/v2\/pages\/1316\/revisions"}],"predecessor-version":[{"id":5780,"href":"https:\/\/juergenputz.com\/en\/wp-json\/wp\/v2\/pages\/1316\/revisions\/5780"}],"wp:attachment":[{"href":"https:\/\/juergenputz.com\/en\/wp-json\/wp\/v2\/media?parent=1316"}],"curies":[{"name":"wp","href":"https:\/\/api.w.org\/{rel}","templated":true}]}}